{"id":1144,"date":"2025-10-05T00:15:41","date_gmt":"2025-10-04T21:15:41","guid":{"rendered":"https:\/\/minadrinks.com.tr\/?page_id=1144"},"modified":"2025-10-17T09:45:45","modified_gmt":"2025-10-17T06:45:45","slug":"yumusak-seker","status":"publish","type":"page","link":"https:\/\/minadrinks.com.tr\/index.php\/yumusak-seker\/","title":{"rendered":"Yumu\u015fak \u015feker"},"content":{"rendered":"\t\t<div data-elementor-type=\"wp-page\" data-elementor-id=\"1144\" class=\"elementor elementor-1144\" data-elementor-post-type=\"page\">\n\t\t\t\t\t\t<section class=\"elementor-section elementor-top-section elementor-element elementor-element-64cdd602 elementor-section-boxed elementor-section-height-default elementor-section-height-default\" data-id=\"64cdd602\" data-element_type=\"section\" data-settings=\"{&quot;background_background&quot;:&quot;classic&quot;}\">\n\t\t\t\t\t\t<div class=\"elementor-container elementor-column-gap-default\">\n\t\t\t\t\t<div class=\"elementor-column elementor-col-100 elementor-top-column elementor-element elementor-element-58776ad0\" data-id=\"58776ad0\" data-element_type=\"column\">\n\t\t\t<div class=\"elementor-widget-wrap elementor-element-populated\">\n\t\t\t\t\t\t<div class=\"elementor-element elementor-element-493d21ea elementor-invisible elementor-widget elementor-widget-elementskit-heading\" data-id=\"493d21ea\" data-element_type=\"widget\" data-settings=\"{&quot;_animation&quot;:&quot;fadeInDown&quot;}\" data-widget_type=\"elementskit-heading.default\">\n\t\t\t\t<div class=\"elementor-widget-container\">\n\t\t\t\t\t<div class=\"ekit-wid-con\" ><div class=\"ekit-heading elementskit-section-title-wraper text_center   ekit_heading_tablet-   ekit_heading_mobile-\"><h2 class=\"ekit-heading--title elementskit-section-title \">Arad\u0131\u011f\u0131n <span><span>Tat<\/span><\/span> Mina Drinks'De<\/h2><\/div><\/div>\t\t\t\t<\/div>\n\t\t\t\t<\/div>\n\t\t\t\t<div class=\"elementor-element elementor-element-dc5d11a elementor-widget elementor-widget-heading\" data-id=\"dc5d11a\" data-element_type=\"widget\" data-widget_type=\"heading.default\">\n\t\t\t\t<div class=\"elementor-widget-container\">\n\t\t\t\t\t<h2 class=\"elementor-heading-title elementor-size-default\"><h1 style=\"margin: 0px;font-family: din-2014;font-size: rem;font-weight: 900;line-height: 1;font-style: italic;text-align: center;letter-spacing: normal;white-space: normal\"><span style=\"text-decoration: inherit\">M-snack<\/span>&nbsp;Yumu\u015fak <br>\u015eeker<\/h1><\/h2>\t\t\t\t<\/div>\n\t\t\t\t<\/div>\n\t\t\t\t\t<\/div>\n\t\t<\/div>\n\t\t\t\t\t<\/div>\n\t\t<\/section>\n\t\t\t\t<section class=\"elementor-section elementor-top-section elementor-element elementor-element-6c81b307 elementor-section-boxed elementor-section-height-default elementor-section-height-default\" data-id=\"6c81b307\" data-element_type=\"section\" data-settings=\"{&quot;background_background&quot;:&quot;gradient&quot;}\">\n\t\t\t\t\t\t\t<div class=\"elementor-background-overlay\"><\/div>\n\t\t\t\t\t\t\t<div class=\"elementor-container elementor-column-gap-default\">\n\t\t\t\t\t<div class=\"elementor-column elementor-col-33 elementor-top-column elementor-element elementor-element-1d524a47 elementor-invisible\" data-id=\"1d524a47\" data-element_type=\"column\" data-settings=\"{&quot;animation&quot;:&quot;slideInLeft&quot;,&quot;animation_delay&quot;:720}\">\n\t\t\t<div class=\"elementor-widget-wrap elementor-element-populated\">\n\t\t\t\t\t\t<div class=\"elementor-element elementor-element-b98646d elementor-widget elementor-widget-image\" data-id=\"b98646d\" data-element_type=\"widget\" data-widget_type=\"image.default\">\n\t\t\t\t<div class=\"elementor-widget-container\">\n\t\t\t\t\t\t\t\t\t\t\t\t\t\t\t<img fetchpriority=\"high\" decoding=\"async\" width=\"1640\" height=\"2040\" src=\"https:\/\/minadrinks.com.tr\/wp-content\/uploads\/2025\/10\/3-1.webp\" class=\"attachment-full size-full wp-image-1152\" alt=\"\" srcset=\"https:\/\/minadrinks.com.tr\/wp-content\/uploads\/2025\/10\/3-1.webp 1640w, https:\/\/minadrinks.com.tr\/wp-content\/uploads\/2025\/10\/3-1-241x300.webp 241w, https:\/\/minadrinks.com.tr\/wp-content\/uploads\/2025\/10\/3-1-823x1024.webp 823w, https:\/\/minadrinks.com.tr\/wp-content\/uploads\/2025\/10\/3-1-768x955.webp 768w, https:\/\/minadrinks.com.tr\/wp-content\/uploads\/2025\/10\/3-1-1235x1536.webp 1235w\" sizes=\"(max-width: 1640px) 100vw, 1640px\" \/>\t\t\t\t\t\t\t\t\t\t\t\t\t\t\t<\/div>\n\t\t\t\t<\/div>\n\t\t\t\t<section class=\"elementor-section elementor-inner-section elementor-element elementor-element-51fc14d8 elementor-section-boxed elementor-section-height-default elementor-section-height-default\" data-id=\"51fc14d8\" data-element_type=\"section\">\n\t\t\t\t\t\t<div class=\"elementor-container elementor-column-gap-default\">\n\t\t\t\t\t<div class=\"elementor-column elementor-col-100 elementor-inner-column elementor-element elementor-element-7e132869\" data-id=\"7e132869\" data-element_type=\"column\" data-settings=\"{&quot;background_background&quot;:&quot;classic&quot;}\">\n\t\t\t<div class=\"elementor-widget-wrap elementor-element-populated\">\n\t\t\t\t\t\t<div class=\"elementor-element elementor-element-1a36c04 elementor-widget elementor-widget-heading\" data-id=\"1a36c04\" data-element_type=\"widget\" data-widget_type=\"heading.default\">\n\t\t\t\t<div class=\"elementor-widget-container\">\n\t\t\t\t\t<h4 class=\"elementor-heading-title elementor-size-default\"><h1 style=\"margin: 0px;font-family: din-2014;font-size: 1rem;font-weight: 900;line-height: 1;font-style: italic;text-align: center;letter-spacing: normal;white-space: normal\"><span style=\"text-decoration: inherit\">HALAL<\/span>&nbsp;SWEETS<br>SOUR MIX<\/h1><\/h4>\t\t\t\t<\/div>\n\t\t\t\t<\/div>\n\t\t\t\t\t<\/div>\n\t\t<\/div>\n\t\t\t\t\t<\/div>\n\t\t<\/section>\n\t\t\t\t\t<\/div>\n\t\t<\/div>\n\t\t\t\t<div class=\"elementor-column elementor-col-33 elementor-top-column elementor-element elementor-element-f5b9c14 elementor-invisible\" data-id=\"f5b9c14\" data-element_type=\"column\" data-settings=\"{&quot;animation&quot;:&quot;slideInLeft&quot;,&quot;animation_delay&quot;:720}\">\n\t\t\t<div class=\"elementor-widget-wrap elementor-element-populated\">\n\t\t\t\t\t\t<div class=\"elementor-element elementor-element-7fdff25 elementor-widget elementor-widget-image\" data-id=\"7fdff25\" data-element_type=\"widget\" data-widget_type=\"image.default\">\n\t\t\t\t<div class=\"elementor-widget-container\">\n\t\t\t\t\t\t\t\t\t\t\t\t\t\t\t<img decoding=\"async\" width=\"1640\" height=\"2040\" src=\"https:\/\/minadrinks.com.tr\/wp-content\/uploads\/2025\/10\/2-1.webp\" class=\"attachment-full size-full wp-image-1151\" alt=\"\" srcset=\"https:\/\/minadrinks.com.tr\/wp-content\/uploads\/2025\/10\/2-1.webp 1640w, https:\/\/minadrinks.com.tr\/wp-content\/uploads\/2025\/10\/2-1-241x300.webp 241w, https:\/\/minadrinks.com.tr\/wp-content\/uploads\/2025\/10\/2-1-823x1024.webp 823w, https:\/\/minadrinks.com.tr\/wp-content\/uploads\/2025\/10\/2-1-768x955.webp 768w, https:\/\/minadrinks.com.tr\/wp-content\/uploads\/2025\/10\/2-1-1235x1536.webp 1235w\" sizes=\"(max-width: 1640px) 100vw, 1640px\" \/>\t\t\t\t\t\t\t\t\t\t\t\t\t\t\t<\/div>\n\t\t\t\t<\/div>\n\t\t\t\t<section class=\"elementor-section elementor-inner-section elementor-element elementor-element-b493fc8 elementor-section-boxed elementor-section-height-default elementor-section-height-default\" data-id=\"b493fc8\" data-element_type=\"section\">\n\t\t\t\t\t\t<div class=\"elementor-container elementor-column-gap-default\">\n\t\t\t\t\t<div class=\"elementor-column elementor-col-100 elementor-inner-column elementor-element elementor-element-a46a6de\" data-id=\"a46a6de\" data-element_type=\"column\" data-settings=\"{&quot;background_background&quot;:&quot;classic&quot;}\">\n\t\t\t<div class=\"elementor-widget-wrap elementor-element-populated\">\n\t\t\t\t\t\t<div class=\"elementor-element elementor-element-7eecc4d elementor-widget elementor-widget-heading\" data-id=\"7eecc4d\" data-element_type=\"widget\" data-widget_type=\"heading.default\">\n\t\t\t\t<div class=\"elementor-widget-container\">\n\t\t\t\t\t<h4 class=\"elementor-heading-title elementor-size-default\"><h1 style=\"margin: 0px;font-family: din-2014;font-size: 1rem;font-weight: 900;line-height: 1;font-style: italic;text-align: center;letter-spacing: normal;white-space: normal\"><span style=\"text-decoration: inherit\">HALAL<\/span>&nbsp;SWEETS<br>SWEET MIX<\/h1><\/h4>\t\t\t\t<\/div>\n\t\t\t\t<\/div>\n\t\t\t\t\t<\/div>\n\t\t<\/div>\n\t\t\t\t\t<\/div>\n\t\t<\/section>\n\t\t\t\t\t<\/div>\n\t\t<\/div>\n\t\t\t\t<div class=\"elementor-column elementor-col-33 elementor-top-column elementor-element elementor-element-e03f139 elementor-invisible\" data-id=\"e03f139\" data-element_type=\"column\" data-settings=\"{&quot;animation&quot;:&quot;slideInLeft&quot;,&quot;animation_delay&quot;:720}\">\n\t\t\t<div class=\"elementor-widget-wrap elementor-element-populated\">\n\t\t\t\t\t\t<div class=\"elementor-element elementor-element-0743670 elementor-widget elementor-widget-image\" data-id=\"0743670\" data-element_type=\"widget\" data-widget_type=\"image.default\">\n\t\t\t\t<div class=\"elementor-widget-container\">\n\t\t\t\t\t\t\t\t\t\t\t\t\t\t\t<img decoding=\"async\" width=\"1640\" height=\"2040\" src=\"https:\/\/minadrinks.com.tr\/wp-content\/uploads\/2025\/10\/1-1.webp\" class=\"attachment-full size-full wp-image-1150\" alt=\"\" srcset=\"https:\/\/minadrinks.com.tr\/wp-content\/uploads\/2025\/10\/1-1.webp 1640w, https:\/\/minadrinks.com.tr\/wp-content\/uploads\/2025\/10\/1-1-241x300.webp 241w, https:\/\/minadrinks.com.tr\/wp-content\/uploads\/2025\/10\/1-1-823x1024.webp 823w, https:\/\/minadrinks.com.tr\/wp-content\/uploads\/2025\/10\/1-1-768x955.webp 768w, https:\/\/minadrinks.com.tr\/wp-content\/uploads\/2025\/10\/1-1-1235x1536.webp 1235w\" sizes=\"(max-width: 1640px) 100vw, 1640px\" \/>\t\t\t\t\t\t\t\t\t\t\t\t\t\t\t<\/div>\n\t\t\t\t<\/div>\n\t\t\t\t<section class=\"elementor-section elementor-inner-section elementor-element elementor-element-2b586f9 elementor-section-boxed elementor-section-height-default elementor-section-height-default\" data-id=\"2b586f9\" data-element_type=\"section\">\n\t\t\t\t\t\t<div class=\"elementor-container elementor-column-gap-default\">\n\t\t\t\t\t<div class=\"elementor-column elementor-col-100 elementor-inner-column elementor-element elementor-element-4db7b0c\" data-id=\"4db7b0c\" data-element_type=\"column\" data-settings=\"{&quot;background_background&quot;:&quot;classic&quot;}\">\n\t\t\t<div class=\"elementor-widget-wrap elementor-element-populated\">\n\t\t\t\t\t\t<div class=\"elementor-element elementor-element-f1b2932 elementor-widget elementor-widget-heading\" data-id=\"f1b2932\" data-element_type=\"widget\" data-widget_type=\"heading.default\">\n\t\t\t\t<div class=\"elementor-widget-container\">\n\t\t\t\t\t<h4 class=\"elementor-heading-title elementor-size-default\"><h1 style=\"margin: 0px;font-family: din-2014;font-size: 1rem;font-weight: 900;line-height: 1;font-style: italic;text-align: center;letter-spacing: normal;white-space: normal\"><span style=\"text-decoration: inherit\">HALAL<\/span>&nbsp;SWEETS<br>BLUE MIX<\/h1><\/h4>\t\t\t\t<\/div>\n\t\t\t\t<\/div>\n\t\t\t\t\t<\/div>\n\t\t<\/div>\n\t\t\t\t\t<\/div>\n\t\t<\/section>\n\t\t\t\t\t<\/div>\n\t\t<\/div>\n\t\t\t\t\t<\/div>\n\t\t<\/section>\n\t\t\t\t<section class=\"elementor-section elementor-top-section elementor-element elementor-element-7e28ce5 elementor-section-boxed elementor-section-height-default elementor-section-height-default\" data-id=\"7e28ce5\" data-element_type=\"section\" data-settings=\"{&quot;background_background&quot;:&quot;gradient&quot;}\">\n\t\t\t\t\t\t\t<div class=\"elementor-background-overlay\"><\/div>\n\t\t\t\t\t\t\t<div class=\"elementor-container elementor-column-gap-default\">\n\t\t\t\t\t<div class=\"elementor-column elementor-col-33 elementor-top-column elementor-element elementor-element-14f0d3d elementor-invisible\" data-id=\"14f0d3d\" data-element_type=\"column\" data-settings=\"{&quot;animation&quot;:&quot;slideInLeft&quot;,&quot;animation_delay&quot;:720}\">\n\t\t\t<div class=\"elementor-widget-wrap elementor-element-populated\">\n\t\t\t\t\t\t<div class=\"elementor-element elementor-element-f64a1f6 elementor-widget elementor-widget-image\" data-id=\"f64a1f6\" data-element_type=\"widget\" data-widget_type=\"image.default\">\n\t\t\t\t<div class=\"elementor-widget-container\">\n\t\t\t\t\t\t\t\t\t\t\t\t\t\t\t<img loading=\"lazy\" decoding=\"async\" width=\"1640\" height=\"2040\" src=\"https:\/\/minadrinks.com.tr\/wp-content\/uploads\/2025\/10\/4-1.webp\" class=\"attachment-full size-full wp-image-1149\" alt=\"\" srcset=\"https:\/\/minadrinks.com.tr\/wp-content\/uploads\/2025\/10\/4-1.webp 1640w, https:\/\/minadrinks.com.tr\/wp-content\/uploads\/2025\/10\/4-1-241x300.webp 241w, https:\/\/minadrinks.com.tr\/wp-content\/uploads\/2025\/10\/4-1-823x1024.webp 823w, https:\/\/minadrinks.com.tr\/wp-content\/uploads\/2025\/10\/4-1-768x955.webp 768w, https:\/\/minadrinks.com.tr\/wp-content\/uploads\/2025\/10\/4-1-1235x1536.webp 1235w\" sizes=\"(max-width: 1640px) 100vw, 1640px\" \/>\t\t\t\t\t\t\t\t\t\t\t\t\t\t\t<\/div>\n\t\t\t\t<\/div>\n\t\t\t\t<div class=\"elementor-element elementor-element-1dc13ab elementor-widget elementor-widget-heading\" data-id=\"1dc13ab\" data-element_type=\"widget\" data-widget_type=\"heading.default\">\n\t\t\t\t<div class=\"elementor-widget-container\">\n\t\t\t\t\t<h4 class=\"elementor-heading-title elementor-size-default\"><h1 style=\"margin: 0px;font-family: din-2014;font-size: 1rem;font-weight: 900;line-height: 1;font-style: italic;text-align: center;letter-spacing: normal;white-space: normal\"><span style=\"text-decoration: inherit\">HALAL<\/span>&nbsp;SWEETS<br>RED MIX<\/h1><\/h4>\t\t\t\t<\/div>\n\t\t\t\t<\/div>\n\t\t\t\t\t<\/div>\n\t\t<\/div>\n\t\t\t\t<div class=\"elementor-column elementor-col-33 elementor-top-column elementor-element elementor-element-c617959 elementor-invisible\" data-id=\"c617959\" data-element_type=\"column\" data-settings=\"{&quot;animation&quot;:&quot;slideInLeft&quot;,&quot;animation_delay&quot;:360}\">\n\t\t\t<div class=\"elementor-widget-wrap elementor-element-populated\">\n\t\t\t\t\t\t\t<\/div>\n\t\t<\/div>\n\t\t\t\t<div class=\"elementor-column elementor-col-33 elementor-top-column elementor-element elementor-element-f24ae1b elementor-invisible\" data-id=\"f24ae1b\" data-element_type=\"column\" data-settings=\"{&quot;animation&quot;:&quot;slideInLeft&quot;}\">\n\t\t\t<div class=\"elementor-widget-wrap\">\n\t\t\t\t\t\t\t<\/div>\n\t\t<\/div>\n\t\t\t\t\t<\/div>\n\t\t<\/section>\n\t\t\t\t<\/div>\n\t\t","protected":false},"excerpt":{"rendered":"<p>Arad\u0131\u011f\u0131n Tat Mina Drinks&#8217;De M-snack&nbsp;Yumu\u015fak \u015eeker HALAL&nbsp;SWEETSSOUR MIX HALAL&nbsp;SWEETSSWEET MIX HALAL&nbsp;SWEETSBLUE MIX HALAL&nbsp;SWEETSRED MIX<\/p>\n","protected":false},"author":1,"featured_media":0,"parent":0,"menu_order":0,"comment_status":"closed","ping_status":"closed","template":"elementor_header_footer","meta":{"footnotes":""},"class_list":["post-1144","page","type-page","status-publish","hentry"],"lang":"tr","translations":{"tr":1144,"de":1612,"en":1606,"ar":1618},"pll_sync_post":[],"_links":{"self":[{"href":"https:\/\/minadrinks.com.tr\/index.php\/wp-json\/wp\/v2\/pages\/1144","targetHints":{"allow":["GET"]}}],"collection":[{"href":"https:\/\/minadrinks.com.tr\/index.php\/wp-json\/wp\/v2\/pages"}],"about":[{"href":"https:\/\/minadrinks.com.tr\/index.php\/wp-json\/wp\/v2\/types\/page"}],"author":[{"embeddable":true,"href":"https:\/\/minadrinks.com.tr\/index.php\/wp-json\/wp\/v2\/users\/1"}],"replies":[{"embeddable":true,"href":"https:\/\/minadrinks.com.tr\/index.php\/wp-json\/wp\/v2\/comments?post=1144"}],"version-history":[{"count":15,"href":"https:\/\/minadrinks.com.tr\/index.php\/wp-json\/wp\/v2\/pages\/1144\/revisions"}],"predecessor-version":[{"id":1858,"href":"https:\/\/minadrinks.com.tr\/index.php\/wp-json\/wp\/v2\/pages\/1144\/revisions\/1858"}],"wp:attachment":[{"href":"https:\/\/minadrinks.com.tr\/index.php\/wp-json\/wp\/v2\/media?parent=1144"}],"curies":[{"name":"wp","href":"https:\/\/api.w.org\/{rel}","templated":true}]}}