{"id":1509,"date":"2025-10-06T21:21:15","date_gmt":"2025-10-06T18:21:15","guid":{"rendered":"https:\/\/minadrinks.com.tr\/?page_id=1509"},"modified":"2025-10-17T09:54:02","modified_gmt":"2025-10-17T06:54:02","slug":"energy-drinks","status":"publish","type":"page","link":"https:\/\/minadrinks.com.tr\/index.php\/de\/energy-drinks\/","title":{"rendered":"Energy Drinks"},"content":{"rendered":"\t\t<div data-elementor-type=\"wp-page\" data-elementor-id=\"1509\" class=\"elementor elementor-1509\" data-elementor-post-type=\"page\">\n\t\t\t\t\t\t<section class=\"elementor-section elementor-top-section elementor-element elementor-element-64cdd602 elementor-section-boxed elementor-section-height-default elementor-section-height-default\" data-id=\"64cdd602\" data-element_type=\"section\" data-settings=\"{&quot;background_background&quot;:&quot;classic&quot;}\">\n\t\t\t\t\t\t<div class=\"elementor-container elementor-column-gap-default\">\n\t\t\t\t\t<div class=\"elementor-column elementor-col-100 elementor-top-column elementor-element elementor-element-58776ad0\" data-id=\"58776ad0\" data-element_type=\"column\">\n\t\t\t<div class=\"elementor-widget-wrap elementor-element-populated\">\n\t\t\t\t\t\t<div class=\"elementor-element elementor-element-493d21ea elementor-invisible elementor-widget elementor-widget-elementskit-heading\" data-id=\"493d21ea\" data-element_type=\"widget\" data-settings=\"{&quot;_animation&quot;:&quot;fadeInDown&quot;}\" data-widget_type=\"elementskit-heading.default\">\n\t\t\t\t<div class=\"elementor-widget-container\">\n\t\t\t\t\t<div class=\"ekit-wid-con\" ><div class=\"ekit-heading elementskit-section-title-wraper text_center   ekit_heading_tablet-   ekit_heading_mobile-\"><h2 class=\"ekit-heading--title elementskit-section-title \">Was Sie suchen <span><span>Geschmack<\/span><\/span> Mina Drinks<\/h2><\/div><\/div>\t\t\t\t<\/div>\n\t\t\t\t<\/div>\n\t\t\t\t<div class=\"elementor-element elementor-element-dc5d11a elementor-widget elementor-widget-heading\" data-id=\"dc5d11a\" data-element_type=\"widget\" data-widget_type=\"heading.default\">\n\t\t\t\t<div class=\"elementor-widget-container\">\n\t\t\t\t\t<h2 class=\"elementor-heading-title elementor-size-default\"><h1 style=\"margin: 0px;font-family: din-2014;font-size: rem;font-weight: 900;line-height: 1;font-style: italic;text-align: center;letter-spacing: normal;white-space: normal\"><span style=\"text-decoration: inherit\">MAXIMAL<\/span>&nbsp;ENERGY<br>TRINKEN<\/h1><\/h2>\t\t\t\t<\/div>\n\t\t\t\t<\/div>\n\t\t\t\t\t<\/div>\n\t\t<\/div>\n\t\t\t\t\t<\/div>\n\t\t<\/section>\n\t\t\t\t<section class=\"elementor-section elementor-top-section elementor-element elementor-element-6c81b307 elementor-section-boxed elementor-section-height-default elementor-section-height-default\" data-id=\"6c81b307\" data-element_type=\"section\" data-settings=\"{&quot;background_background&quot;:&quot;gradient&quot;}\">\n\t\t\t\t\t\t\t<div class=\"elementor-background-overlay\"><\/div>\n\t\t\t\t\t\t\t<div class=\"elementor-container elementor-column-gap-default\">\n\t\t\t\t\t<div class=\"elementor-column elementor-col-33 elementor-top-column elementor-element elementor-element-1d524a47 elementor-invisible\" data-id=\"1d524a47\" data-element_type=\"column\" data-settings=\"{&quot;animation&quot;:&quot;slideInLeft&quot;,&quot;animation_delay&quot;:720}\">\n\t\t\t<div class=\"elementor-widget-wrap elementor-element-populated\">\n\t\t\t\t\t\t<div class=\"elementor-element elementor-element-b98646d elementor-widget elementor-widget-image\" data-id=\"b98646d\" data-element_type=\"widget\" data-widget_type=\"image.default\">\n\t\t\t\t<div class=\"elementor-widget-container\">\n\t\t\t\t\t\t\t\t\t\t\t\t\t\t\t<img fetchpriority=\"high\" decoding=\"async\" width=\"278\" height=\"673\" src=\"https:\/\/minadrinks.com.tr\/wp-content\/uploads\/2023\/09\/classic-250-ml.png\" class=\"attachment-full size-full wp-image-1004\" alt=\"\" srcset=\"https:\/\/minadrinks.com.tr\/wp-content\/uploads\/2023\/09\/classic-250-ml.png 278w, https:\/\/minadrinks.com.tr\/wp-content\/uploads\/2023\/09\/classic-250-ml-124x300.png 124w\" sizes=\"(max-width: 278px) 100vw, 278px\" \/>\t\t\t\t\t\t\t\t\t\t\t\t\t\t\t<\/div>\n\t\t\t\t<\/div>\n\t\t\t\t<section class=\"elementor-section elementor-inner-section elementor-element elementor-element-51fc14d8 elementor-section-boxed elementor-section-height-default elementor-section-height-default\" data-id=\"51fc14d8\" data-element_type=\"section\">\n\t\t\t\t\t\t<div class=\"elementor-container elementor-column-gap-default\">\n\t\t\t\t\t<div class=\"elementor-column elementor-col-100 elementor-inner-column elementor-element elementor-element-7e132869\" data-id=\"7e132869\" data-element_type=\"column\" data-settings=\"{&quot;background_background&quot;:&quot;classic&quot;}\">\n\t\t\t<div class=\"elementor-widget-wrap elementor-element-populated\">\n\t\t\t\t\t\t<div class=\"elementor-element elementor-element-1a36c04 elementor-widget elementor-widget-heading\" data-id=\"1a36c04\" data-element_type=\"widget\" data-widget_type=\"heading.default\">\n\t\t\t\t<div class=\"elementor-widget-container\">\n\t\t\t\t\t<h4 class=\"elementor-heading-title elementor-size-default\"><h1 style=\"margin: 0px;font-family: din-2014;font-size: 1rem;font-weight: 900;line-height: 1;font-style: italic;text-align: center;letter-spacing: normal;white-space: normal\"><span style=\"text-decoration: inherit\">K\u0130NG<\/span>&nbsp;ENERGY<br>LEGENDS<\/h1><\/h4>\t\t\t\t<\/div>\n\t\t\t\t<\/div>\n\t\t\t\t\t<\/div>\n\t\t<\/div>\n\t\t\t\t\t<\/div>\n\t\t<\/section>\n\t\t\t\t\t<\/div>\n\t\t<\/div>\n\t\t\t\t<div class=\"elementor-column elementor-col-33 elementor-top-column elementor-element elementor-element-4763f017 elementor-invisible\" data-id=\"4763f017\" data-element_type=\"column\" data-settings=\"{&quot;animation&quot;:&quot;slideInLeft&quot;,&quot;animation_delay&quot;:360}\">\n\t\t\t<div class=\"elementor-widget-wrap elementor-element-populated\">\n\t\t\t\t\t\t<div class=\"elementor-element elementor-element-d46dc4e elementor-widget elementor-widget-image\" data-id=\"d46dc4e\" data-element_type=\"widget\" data-widget_type=\"image.default\">\n\t\t\t\t<div class=\"elementor-widget-container\">\n\t\t\t\t\t\t\t\t\t\t\t\t\t\t\t<img decoding=\"async\" width=\"276\" height=\"671\" src=\"https:\/\/minadrinks.com.tr\/wp-content\/uploads\/2023\/09\/cvitamin-250-ml.png\" class=\"attachment-full size-full wp-image-1010\" alt=\"\" srcset=\"https:\/\/minadrinks.com.tr\/wp-content\/uploads\/2023\/09\/cvitamin-250-ml.png 276w, https:\/\/minadrinks.com.tr\/wp-content\/uploads\/2023\/09\/cvitamin-250-ml-123x300.png 123w\" sizes=\"(max-width: 276px) 100vw, 276px\" \/>\t\t\t\t\t\t\t\t\t\t\t\t\t\t\t<\/div>\n\t\t\t\t<\/div>\n\t\t\t\t<div class=\"elementor-element elementor-element-d21efdb elementor-widget elementor-widget-heading\" data-id=\"d21efdb\" data-element_type=\"widget\" data-widget_type=\"heading.default\">\n\t\t\t\t<div class=\"elementor-widget-container\">\n\t\t\t\t\t<h4 class=\"elementor-heading-title elementor-size-default\"><h1 style=\"margin: 0px;font-family: din-2014;font-size: 1rem;font-weight: 900;line-height: 1;font-style: italic;text-align: center;letter-spacing: normal;white-space: normal\"><span style=\"text-decoration: inherit\">K\u0130NG<\/span>&nbsp;ENERGY<br>LEGENDS VITAMIN PLUS<\/h1><\/h4>\t\t\t\t<\/div>\n\t\t\t\t<\/div>\n\t\t\t\t\t<\/div>\n\t\t<\/div>\n\t\t\t\t<div class=\"elementor-column elementor-col-33 elementor-top-column elementor-element elementor-element-b1145c0 elementor-invisible\" data-id=\"b1145c0\" data-element_type=\"column\" data-settings=\"{&quot;animation&quot;:&quot;slideInLeft&quot;}\">\n\t\t\t<div class=\"elementor-widget-wrap elementor-element-populated\">\n\t\t\t\t\t\t<div class=\"elementor-element elementor-element-713ff52 elementor-widget elementor-widget-image\" data-id=\"713ff52\" data-element_type=\"widget\" data-widget_type=\"image.default\">\n\t\t\t\t<div class=\"elementor-widget-container\">\n\t\t\t\t\t\t\t\t\t\t\t\t\t\t\t<img decoding=\"async\" width=\"276\" height=\"674\" src=\"https:\/\/minadrinks.com.tr\/wp-content\/uploads\/2023\/09\/coffee-250-ml.png\" class=\"attachment-full size-full wp-image-1009\" alt=\"\" srcset=\"https:\/\/minadrinks.com.tr\/wp-content\/uploads\/2023\/09\/coffee-250-ml.png 276w, https:\/\/minadrinks.com.tr\/wp-content\/uploads\/2023\/09\/coffee-250-ml-123x300.png 123w\" sizes=\"(max-width: 276px) 100vw, 276px\" \/>\t\t\t\t\t\t\t\t\t\t\t\t\t\t\t<\/div>\n\t\t\t\t<\/div>\n\t\t\t\t<div class=\"elementor-element elementor-element-c934db4 elementor-widget elementor-widget-heading\" data-id=\"c934db4\" data-element_type=\"widget\" data-widget_type=\"heading.default\">\n\t\t\t\t<div class=\"elementor-widget-container\">\n\t\t\t\t\t<h4 class=\"elementor-heading-title elementor-size-default\"><h1 style=\"margin: 0px;font-family: din-2014;font-size: 1rem;font-weight: 900;line-height: 1;font-style: italic;text-align: center;letter-spacing: normal;white-space: normal\"><span style=\"text-decoration: inherit\">K\u0130NG<\/span>&nbsp;ENERGY<br>COFFEE<\/h1><\/h4>\t\t\t\t<\/div>\n\t\t\t\t<\/div>\n\t\t\t\t\t<\/div>\n\t\t<\/div>\n\t\t\t\t\t<\/div>\n\t\t<\/section>\n\t\t\t\t<section class=\"elementor-section elementor-top-section elementor-element elementor-element-7e28ce5 elementor-section-boxed elementor-section-height-default elementor-section-height-default\" data-id=\"7e28ce5\" data-element_type=\"section\" data-settings=\"{&quot;background_background&quot;:&quot;gradient&quot;}\">\n\t\t\t\t\t\t\t<div class=\"elementor-background-overlay\"><\/div>\n\t\t\t\t\t\t\t<div class=\"elementor-container elementor-column-gap-default\">\n\t\t\t\t\t<div class=\"elementor-column elementor-col-33 elementor-top-column elementor-element elementor-element-14f0d3d elementor-invisible\" data-id=\"14f0d3d\" data-element_type=\"column\" data-settings=\"{&quot;animation&quot;:&quot;slideInLeft&quot;,&quot;animation_delay&quot;:720}\">\n\t\t\t<div class=\"elementor-widget-wrap elementor-element-populated\">\n\t\t\t\t\t\t<div class=\"elementor-element elementor-element-f64a1f6 elementor-widget elementor-widget-image\" data-id=\"f64a1f6\" data-element_type=\"widget\" data-widget_type=\"image.default\">\n\t\t\t\t<div class=\"elementor-widget-container\">\n\t\t\t\t\t\t\t\t\t\t\t\t\t\t\t<img loading=\"lazy\" decoding=\"async\" width=\"277\" height=\"674\" src=\"https:\/\/minadrinks.com.tr\/wp-content\/uploads\/2023\/09\/vvitamin-250-ml.png\" class=\"attachment-full size-full wp-image-1008\" alt=\"\" srcset=\"https:\/\/minadrinks.com.tr\/wp-content\/uploads\/2023\/09\/vvitamin-250-ml.png 277w, https:\/\/minadrinks.com.tr\/wp-content\/uploads\/2023\/09\/vvitamin-250-ml-123x300.png 123w\" sizes=\"(max-width: 277px) 100vw, 277px\" \/>\t\t\t\t\t\t\t\t\t\t\t\t\t\t\t<\/div>\n\t\t\t\t<\/div>\n\t\t\t\t<div class=\"elementor-element elementor-element-1dc13ab elementor-widget elementor-widget-heading\" data-id=\"1dc13ab\" data-element_type=\"widget\" data-widget_type=\"heading.default\">\n\t\t\t\t<div class=\"elementor-widget-container\">\n\t\t\t\t\t<h4 class=\"elementor-heading-title elementor-size-default\"><h1 style=\"margin: 0px;font-family: din-2014;font-size: 1rem;font-weight: 900;line-height: 1;font-style: italic;text-align: center;letter-spacing: normal;white-space: normal\"><span style=\"text-decoration: inherit\">K\u0130NG<\/span>&nbsp;ENERGY<br>MULTI VITAMIN<\/h1><\/h4>\t\t\t\t<\/div>\n\t\t\t\t<\/div>\n\t\t\t\t\t<\/div>\n\t\t<\/div>\n\t\t\t\t<div class=\"elementor-column elementor-col-33 elementor-top-column elementor-element elementor-element-c617959 elementor-invisible\" data-id=\"c617959\" data-element_type=\"column\" data-settings=\"{&quot;animation&quot;:&quot;slideInLeft&quot;,&quot;animation_delay&quot;:360}\">\n\t\t\t<div class=\"elementor-widget-wrap elementor-element-populated\">\n\t\t\t\t\t\t<div class=\"elementor-element elementor-element-42f581a elementor-widget elementor-widget-image\" data-id=\"42f581a\" data-element_type=\"widget\" data-widget_type=\"image.default\">\n\t\t\t\t<div class=\"elementor-widget-container\">\n\t\t\t\t\t\t\t\t\t\t\t\t\t\t\t<img loading=\"lazy\" decoding=\"async\" width=\"272\" height=\"671\" src=\"https:\/\/minadrinks.com.tr\/wp-content\/uploads\/2023\/09\/mojito-250-ml.png\" class=\"attachment-full size-full wp-image-1011\" alt=\"\" srcset=\"https:\/\/minadrinks.com.tr\/wp-content\/uploads\/2023\/09\/mojito-250-ml.png 272w, https:\/\/minadrinks.com.tr\/wp-content\/uploads\/2023\/09\/mojito-250-ml-122x300.png 122w\" sizes=\"(max-width: 272px) 100vw, 272px\" \/>\t\t\t\t\t\t\t\t\t\t\t\t\t\t\t<\/div>\n\t\t\t\t<\/div>\n\t\t\t\t<div class=\"elementor-element elementor-element-98fd402 elementor-widget elementor-widget-heading\" data-id=\"98fd402\" data-element_type=\"widget\" data-widget_type=\"heading.default\">\n\t\t\t\t<div class=\"elementor-widget-container\">\n\t\t\t\t\t<h4 class=\"elementor-heading-title elementor-size-default\"><h1 style=\"margin: 0px;font-family: din-2014;font-size: 1rem;font-weight: 900;line-height: 1;font-style: italic;text-align: center;letter-spacing: normal;white-space: normal\"><span style=\"text-decoration: inherit\">K\u0130NG<\/span>&nbsp;ENERGY<br>MOJ\u0130TO<\/h1><\/h4>\t\t\t\t<\/div>\n\t\t\t\t<\/div>\n\t\t\t\t\t<\/div>\n\t\t<\/div>\n\t\t\t\t<div class=\"elementor-column elementor-col-33 elementor-top-column elementor-element elementor-element-f24ae1b elementor-invisible\" data-id=\"f24ae1b\" data-element_type=\"column\" data-settings=\"{&quot;animation&quot;:&quot;slideInLeft&quot;}\">\n\t\t\t<div class=\"elementor-widget-wrap\">\n\t\t\t\t\t\t\t<\/div>\n\t\t<\/div>\n\t\t\t\t\t<\/div>\n\t\t<\/section>\n\t\t\t\t<\/div>\n\t\t","protected":false},"excerpt":{"rendered":"<p>Was Sie suchen Geschmack Mina Drinks MAXIMAL&nbsp;ENERGYTRINKEN K\u0130NG&nbsp;ENERGYLEGENDS K\u0130NG&nbsp;ENERGYLEGENDS VITAMIN PLUS K\u0130NG&nbsp;ENERGYCOFFEE K\u0130NG&nbsp;ENERGYMULTI VITAMIN K\u0130NG&nbsp;ENERGYMOJ\u0130TO<\/p>\n","protected":false},"author":1,"featured_media":0,"parent":0,"menu_order":0,"comment_status":"closed","ping_status":"closed","template":"elementor_header_footer","meta":{"footnotes":""},"class_list":["post-1509","page","type-page","status-publish","hentry"],"lang":"de","translations":{"de":1509,"tr":991,"en":1497,"ar":1515},"pll_sync_post":[],"_links":{"self":[{"href":"https:\/\/minadrinks.com.tr\/index.php\/wp-json\/wp\/v2\/pages\/1509","targetHints":{"allow":["GET"]}}],"collection":[{"href":"https:\/\/minadrinks.com.tr\/index.php\/wp-json\/wp\/v2\/pages"}],"about":[{"href":"https:\/\/minadrinks.com.tr\/index.php\/wp-json\/wp\/v2\/types\/page"}],"author":[{"embeddable":true,"href":"https:\/\/minadrinks.com.tr\/index.php\/wp-json\/wp\/v2\/users\/1"}],"replies":[{"embeddable":true,"href":"https:\/\/minadrinks.com.tr\/index.php\/wp-json\/wp\/v2\/comments?post=1509"}],"version-history":[{"count":7,"href":"https:\/\/minadrinks.com.tr\/index.php\/wp-json\/wp\/v2\/pages\/1509\/revisions"}],"predecessor-version":[{"id":1880,"href":"https:\/\/minadrinks.com.tr\/index.php\/wp-json\/wp\/v2\/pages\/1509\/revisions\/1880"}],"wp:attachment":[{"href":"https:\/\/minadrinks.com.tr\/index.php\/wp-json\/wp\/v2\/media?parent=1509"}],"curies":[{"name":"wp","href":"https:\/\/api.w.org\/{rel}","templated":true}]}}