{"id":411,"date":"2023-05-26T10:31:53","date_gmt":"2023-05-26T07:31:53","guid":{"rendered":"https:\/\/minadrinks.com.tr\/?page_id=411"},"modified":"2025-10-05T01:52:34","modified_gmt":"2025-10-04T22:52:34","slug":"hakkimizda","status":"publish","type":"page","link":"https:\/\/minadrinks.com.tr\/index.php\/hakkimizda\/","title":{"rendered":"Hakk\u0131m\u0131zda"},"content":{"rendered":"\t\t<div data-elementor-type=\"wp-page\" data-elementor-id=\"411\" class=\"elementor elementor-411\" data-elementor-post-type=\"page\">\n\t\t\t\t\t\t<section class=\"elementor-section elementor-top-section elementor-element elementor-element-63f3e1f7 elementor-section-boxed elementor-section-height-default elementor-section-height-default\" data-id=\"63f3e1f7\" data-element_type=\"section\">\n\t\t\t\t\t\t<div class=\"elementor-container elementor-column-gap-default\">\n\t\t\t\t\t<div class=\"elementor-column elementor-col-100 elementor-top-column elementor-element elementor-element-7dc4fae4\" data-id=\"7dc4fae4\" data-element_type=\"column\">\n\t\t\t<div class=\"elementor-widget-wrap\">\n\t\t\t\t\t\t\t<\/div>\n\t\t<\/div>\n\t\t\t\t\t<\/div>\n\t\t<\/section>\n\t\t\t\t<section class=\"elementor-section elementor-top-section elementor-element elementor-element-2895c9e1 elementor-section-boxed elementor-section-height-default elementor-section-height-default\" data-id=\"2895c9e1\" data-element_type=\"section\">\n\t\t\t\t\t\t<div class=\"elementor-container elementor-column-gap-default\">\n\t\t\t\t\t<div class=\"elementor-column elementor-col-100 elementor-top-column elementor-element elementor-element-5c3ba4b6\" data-id=\"5c3ba4b6\" data-element_type=\"column\">\n\t\t\t<div class=\"elementor-widget-wrap elementor-element-populated\">\n\t\t\t\t\t\t<div class=\"elementor-element elementor-element-23c1f810 elementor-widget-divider--view-line_text elementor-widget-divider--element-align-center elementor-widget elementor-widget-divider\" data-id=\"23c1f810\" data-element_type=\"widget\" data-settings=\"{&quot;_animation&quot;:&quot;none&quot;}\" data-widget_type=\"divider.default\">\n\t\t\t\t<div class=\"elementor-widget-container\">\n\t\t\t\t\t\t\t<div class=\"elementor-divider\">\n\t\t\t<span class=\"elementor-divider-separator\">\n\t\t\t\t\t\t\t<span class=\"elementor-divider__text elementor-divider__element\">\n\t\t\t\tHakk\u0131m\u0131zda\t\t\t\t<\/span>\n\t\t\t\t\t\t<\/span>\n\t\t<\/div>\n\t\t\t\t\t\t<\/div>\n\t\t\t\t<\/div>\n\t\t\t\t\t<\/div>\n\t\t<\/div>\n\t\t\t\t\t<\/div>\n\t\t<\/section>\n\t\t\t\t<section class=\"elementor-section elementor-top-section elementor-element elementor-element-3864be3e elementor-section-boxed elementor-section-height-default elementor-section-height-default\" data-id=\"3864be3e\" data-element_type=\"section\" data-settings=\"{&quot;background_background&quot;:&quot;classic&quot;}\">\n\t\t\t\t\t\t<div class=\"elementor-container elementor-column-gap-default\">\n\t\t\t\t\t<div class=\"elementor-column elementor-col-100 elementor-top-column elementor-element elementor-element-785d4526\" data-id=\"785d4526\" data-element_type=\"column\">\n\t\t\t<div class=\"elementor-widget-wrap elementor-element-populated\">\n\t\t\t\t\t\t<div class=\"elementor-element elementor-element-71c6ccd1 animated-slow elementor-invisible elementor-widget elementor-widget-heading\" data-id=\"71c6ccd1\" data-element_type=\"widget\" data-settings=\"{&quot;_animation&quot;:&quot;fadeIn&quot;}\" data-widget_type=\"heading.default\">\n\t\t\t\t<div class=\"elementor-widget-container\">\n\t\t\t\t\t<h2 class=\"elementor-heading-title elementor-size-default\">Mina Drinks Hakk\u0131nda<\/h2>\t\t\t\t<\/div>\n\t\t\t\t<\/div>\n\t\t\t\t<div class=\"elementor-element elementor-element-11c70b11 elementor-widget elementor-widget-spacer\" data-id=\"11c70b11\" data-element_type=\"widget\" data-widget_type=\"spacer.default\">\n\t\t\t\t<div class=\"elementor-widget-container\">\n\t\t\t\t\t\t\t<div class=\"elementor-spacer\">\n\t\t\t<div class=\"elementor-spacer-inner\"><\/div>\n\t\t<\/div>\n\t\t\t\t\t\t<\/div>\n\t\t\t\t<\/div>\n\t\t\t\t<div class=\"elementor-element elementor-element-fd94c78 elementor-widget elementor-widget-text-editor\" data-id=\"fd94c78\" data-element_type=\"widget\" data-widget_type=\"text-editor.default\">\n\t\t\t\t<div class=\"elementor-widget-container\">\n\t\t\t\t\t\t\t\t\t<p>Mina Drinks &amp; Tigaz Snacks Hakk\u0131nda<\/p><div><div>\u00a0<\/div><p>Biz \u0130stanbul, T\u00fcrkiye merkezli h\u0131zla b\u00fcy\u00fcyen bir g\u0131da firmas\u0131y\u0131z. G\u00fc\u00e7l\u00fc lojistik a\u011f\u0131m\u0131z sayesinde \u00fcr\u00fcnlerimizi \u015fu anda T\u00fcrkiye genelinde 250\u2019den fazla sat\u0131\u015f noktas\u0131na ula\u015ft\u0131r\u0131yoruz.<\/p><p><strong>Misyonumuz<\/strong>: \u0130\u00e7eceklerden, cipslerden, yumu\u015fak \u015fekerlere kadar her at\u0131\u015ft\u0131rmal\u0131k an\u0131na e\u011flence, lezzet ve tazelik katmakt\u0131r. Ayr\u0131ca, T\u00fcrkiye\u2019de ve d\u00fcnyada sat\u0131lan t\u00fcm i\u00e7ecek ve g\u0131da \u00fcr\u00fcnlerini al\u0131p satabildi\u011fimiz geni\u015f bir ticaret a\u011f\u0131na sahibiz.<\/p><hr style=\"border: 0; border-top: 1px solid #ddd; margin: 40px 0;\" \/><h4>Markalar\u0131m\u0131z<\/h4><h3><img decoding=\"async\" class=\"alignnone size-full wp-image-1200\" style=\"font-family: Mulish, sans-serif; font-size: 16px; font-weight: 400;\" src=\"https:\/\/minadrinks.com.tr\/wp-content\/uploads\/2025\/10\/Adsiz-tasarim-1.png\" alt=\"\" width=\"198\" height=\"129\" \/><\/h3><p><strong>Tigaz<\/strong> markam\u0131z, her ya\u015ftan t\u00fcketici taraf\u0131ndan sevilen \u00e7\u0131t\u0131r m\u0131s\u0131r cipsleri sunmaktad\u0131r. E\u015fsiz lezzeti, y\u00fcksek kalitesi ve k\u0131t\u0131r yap\u0131s\u0131yla piyasada \u00f6ne \u00e7\u0131kmaktad\u0131r.<\/p><p>Alt\u0131 farkl\u0131, lezzetli aromada \u00fcretilmektedir: Ket\u00e7ap, Peynir, S\u00fct M\u0131s\u0131r, Pizza, Noodle ve Ac\u0131 Limon.<\/p><p><img decoding=\"async\" class=\"alignnone wp-image-250\" src=\"https:\/\/minadrinks.com.tr\/wp-content\/uploads\/2023\/05\/Mlogo-300x280.png\" alt=\"\" width=\"192\" height=\"179\" srcset=\"https:\/\/minadrinks.com.tr\/wp-content\/uploads\/2023\/05\/Mlogo-300x280.png 300w, https:\/\/minadrinks.com.tr\/wp-content\/uploads\/2023\/05\/Mlogo.png 750w\" sizes=\"(max-width: 192px) 100vw, 192px\" \/><\/p><p><strong>Mina<\/strong> markam\u0131z alt\u0131nda ise yumu\u015fak \u015fekerler ve meyve bazl\u0131 i\u00e7ecekler \u00fcretiyoruz. Her \u00fcr\u00fcn\u00fcm\u00fcz, tazelik, lezzet ve mutluluk sunmak \u00fczere tasarlanmaktad\u0131r.<\/p><h4 style=\"margin-top: 30px;\">Da\u011f\u0131t\u0131m\u0131n\u0131 Yapt\u0131\u011f\u0131m\u0131z Ba\u015fl\u0131ca Geleneksel Markalar<\/h4><p>Ni\u011fde Gazozu, Zafer Gazozu, Sar\u0131yer Kola, Sar\u0131yer Gazoz, Uluda\u011f Gazoz, Uluda\u011f Limonata gibi T\u00fcrkiye genelinde sevilen \u00fcr\u00fcnlerin de ticaretini yapmaktay\u0131z.<\/p><hr style=\"border: 0; border-top: 1px solid #ddd; margin: 40px 0;\" \/><h4>Neden Bizi Se\u00e7melisiniz?<\/h4><p>T\u00fcrkiye genelinde 250+ i\u015f orta\u011f\u0131 taraf\u0131ndan tercih edilmemizin temel nedenleri:<\/p><ul><li>\u00d6zel marka (private label) ve fason \u00fcretim imk\u00e2n\u0131<\/li><li>\u0130hracata uygun \u00fcretim standartlar\u0131<\/li><li>H\u0131zl\u0131, g\u00fcvenilir ve esnek lojistik a\u011f\u0131<\/li><\/ul><hr style=\"border: 0; border-top: 1px solid #ddd; margin: 40px 0;\" \/><h4>\u0130leti\u015fim &amp; Tesisler<\/h4><div style=\"display: flex; gap: 60px;\"><div style=\"flex: 1;\"><h4 style=\"color: #555;\">Merkez Ofis<\/h4><p style=\"margin-bottom: 5px;\">Yamanevler Mah., Dr. Faz\u0131l K\u00fc\u00e7\u00fck Cad.<\/p><p>Avrupa Konutlar\u0131 Sitesi, 4. Blok, No: 8D, \u0130\u00e7 Kap\u0131 No: 1, \u00dcmraniye \/ \u0130stanbul<\/p><h4 style=\"color: #555;\">Ana Depo<\/h4><p style=\"margin-bottom: 5px;\">\u0130stanbul G\u0131da Toptanc\u0131lar \u00c7ar\u015f\u0131s\u0131 (\u0130GTOT)<\/p><p>6B Blok, D\u0131\u015f Kap\u0131 No: 4L, \u0130\u00e7 Kap\u0131 No: Z25, Ba\u015fak\u015fehir \/ \u0130stanbul<\/p><\/div><div style=\"flex: 1;\"><h4 style=\"color: #555;\">Bize Ula\u015f\u0131n<\/h4><p><strong>Web:<\/strong> <a href=\"http:\/\/www.minadrinks.com.tr\" target=\"_blank\" rel=\"noopener\">www.minadrinks.com.tr<\/a><\/p><p><strong>E-mail:<\/strong> <a href=\"mailto:minadrinks@hotmail.com\">minadrinks@hotmail.com<\/a><\/p><p><strong>Telefon \/ WhatsApp:<\/strong> <a href=\"tel:+905307261002\">+90 530 726 1002<\/a><\/p><\/div><\/div><\/div>\t\t\t\t\t\t\t\t<\/div>\n\t\t\t\t<\/div>\n\t\t\t\t\t<\/div>\n\t\t<\/div>\n\t\t\t\t\t<\/div>\n\t\t<\/section>\n\t\t\t\t<section class=\"elementor-section elementor-top-section elementor-element elementor-element-2ab02d5f elementor-section-boxed elementor-section-height-default elementor-section-height-default\" data-id=\"2ab02d5f\" data-element_type=\"section\" data-settings=\"{&quot;background_background&quot;:&quot;classic&quot;}\">\n\t\t\t\t\t\t\t<div class=\"elementor-background-overlay\"><\/div>\n\t\t\t\t\t\t\t<div class=\"elementor-container elementor-column-gap-default\">\n\t\t\t\t\t<div class=\"elementor-column elementor-col-100 elementor-top-column elementor-element elementor-element-7bbac1f8\" data-id=\"7bbac1f8\" data-element_type=\"column\">\n\t\t\t<div class=\"elementor-widget-wrap elementor-element-populated\">\n\t\t\t\t\t\t<div class=\"elementor-element elementor-element-67ac67f4 premium-testimonial__skin1 elementor-widget elementor-widget-premium-addon-testimonials\" data-id=\"67ac67f4\" data-element_type=\"widget\" data-settings=\"{&quot;skin&quot;:&quot;skin1&quot;,&quot;img_position&quot;:&quot;relative&quot;,&quot;arrows_lq_effect&quot;:&quot;none&quot;}\" data-widget_type=\"premium-addon-testimonials.default\">\n\t\t\t\t<div class=\"elementor-widget-container\">\n\t\t\t\t\t\n\t\t\n\t\t<div class=\"premium-testimonial-box\">\n\n\t\t\t\n\t\t\t\t<div class=\"premium-testimonial-container\">\n\n\t\t\t\t\t\t\t\t\t\t\t<div class=\"premium-testimonial-upper-quote\">\n\t\t\t\t\t\t\t<svg id=\"Layer_1\" class=\"premium-testimonial-quote\" xmlns=\"http:\/\/www.w3.org\/2000\/svg\" aria-hidden=\"true\" width=\"48\" height=\"37\" viewBox=\"0 0 48 37\"><path d=\"m37,37c6.07,0,11-4.93,11-11s-4.93-11-11-11c-.32,0-.63.02-.94.05.54-4.81,2.18-9.43,4.79-13.52.19-.31.2-.7.03-1.01-.18-.32-.51-.52-.88-.52h-2c-.27,0-.54.11-.73.31-5.14,5.41-11.27,14.26-11.27,25.69,0,6.07,4.93,10.99,11,11h0Zm-26,0c6.07,0,11-4.93,11-11s-4.93-11-11-11c-.32,0-.63.02-.94.05.54-4.81,2.18-9.43,4.79-13.52.19-.31.2-.7.03-1.01-.18-.32-.51-.52-.87-.52h-2c-.27,0-.54.11-.73.31C6.13,5.72,0,14.57,0,26c0,6.07,4.93,10.99,11,11h0Zm0,0\"\/><\/svg>\t\t\t\t\t\t<\/div>\n\t\t\t\t\t\n\t\t\t\t\t<div class=\"premium-testimonial-content-wrapper\">\n\n\t\t\t\t\t\t\n\t\t\t\t\t\t<div class=\"premium-testimonial-text-wrapper\">\n\t\t\t\t\t\t\t<div >\n\t\t\t\t\t\t\t\t<p>Hakk\u0131m\u0131zda<\/p>\t\t\t\t\t\t\t<\/div>\n\t\t\t\t\t\t<\/div>\n\n\t\t\t\t\t\t\n\t\t\t\t\t\t\n\n\t\t\t\t\t\t\t\n\n\t\t\t\t\t\t\t<div class=\"premium-testimonial-author-info\">\n\t\t\t\t\t\t\t\t<h3 class=\"premium-testimonial-person-name\">\n\t\t\t\t\t\t\t\t\t<span >\n\t\t\t\t\t\t\t\t\t\tMina Drinks\t\t\t\t\t\t\t\t\t<\/span>\n\t\t\t\t\t\t\t\t<\/h3>\n\n\t\t\t\t\t\t\t\t\t\t\t\t\t\t\t<\/div>\n\n\t\t\t\t\t\t\n\t\t\t\t\t<\/div>\n\n\t\t\t\t\t\t\t\t\t\t\t<div class=\"premium-testimonial-lower-quote\">\n\t\t\t\t\t\t\t<svg id=\"Layer_1\" class=\"premium-testimonial-quote\" xmlns=\"http:\/\/www.w3.org\/2000\/svg\" aria-hidden=\"true\" width=\"48\" height=\"37\" viewBox=\"0 0 48 37\"><path d=\"m37,37c6.07,0,11-4.93,11-11s-4.93-11-11-11c-.32,0-.63.02-.94.05.54-4.81,2.18-9.43,4.79-13.52.19-.31.2-.7.03-1.01-.18-.32-.51-.52-.88-.52h-2c-.27,0-.54.11-.73.31-5.14,5.41-11.27,14.26-11.27,25.69,0,6.07,4.93,10.99,11,11h0Zm-26,0c6.07,0,11-4.93,11-11s-4.93-11-11-11c-.32,0-.63.02-.94.05.54-4.81,2.18-9.43,4.79-13.52.19-.31.2-.7.03-1.01-.18-.32-.51-.52-.87-.52h-2c-.27,0-.54.11-.73.31C6.13,5.72,0,14.57,0,26c0,6.07,4.93,10.99,11,11h0Zm0,0\"\/><\/svg>\t\t\t\t\t\t<\/div>\n\t\t\t\t\t\t\t\t\t<\/div>\n\n\t\t\t\n\n\t\t<\/div>\n\t\t\t\t\t\t<\/div>\n\t\t\t\t<\/div>\n\t\t\t\t\t<\/div>\n\t\t<\/div>\n\t\t\t\t\t<\/div>\n\t\t<\/section>\n\t\t\t\t<\/div>\n\t\t","protected":false},"excerpt":{"rendered":"<p>Hakk\u0131m\u0131zda Mina Drinks Hakk\u0131nda Mina Drinks &amp; Tigaz Snacks Hakk\u0131nda \u00a0 Biz \u0130stanbul, T\u00fcrkiye merkezli h\u0131zla b\u00fcy\u00fcyen bir g\u0131da firmas\u0131y\u0131z. G\u00fc\u00e7l\u00fc lojistik a\u011f\u0131m\u0131z sayesinde \u00fcr\u00fcnlerimizi \u015fu anda T\u00fcrkiye genelinde 250\u2019den fazla sat\u0131\u015f noktas\u0131na ula\u015ft\u0131r\u0131yoruz. Misyonumuz: \u0130\u00e7eceklerden, cipslerden, yumu\u015fak \u015fekerlere kadar her at\u0131\u015ft\u0131rmal\u0131k an\u0131na e\u011flence, lezzet ve tazelik katmakt\u0131r. Ayr\u0131ca, T\u00fcrkiye\u2019de ve d\u00fcnyada sat\u0131lan t\u00fcm i\u00e7ecek [&hellip;]<\/p>\n","protected":false},"author":1,"featured_media":0,"parent":0,"menu_order":0,"comment_status":"closed","ping_status":"closed","template":"elementor_header_footer","meta":{"footnotes":""},"class_list":["post-411","page","type-page","status-publish","hentry"],"lang":"tr","translations":{"tr":411,"ar":1413,"de":1420,"en":1430},"pll_sync_post":[],"_links":{"self":[{"href":"https:\/\/minadrinks.com.tr\/index.php\/wp-json\/wp\/v2\/pages\/411","targetHints":{"allow":["GET"]}}],"collection":[{"href":"https:\/\/minadrinks.com.tr\/index.php\/wp-json\/wp\/v2\/pages"}],"about":[{"href":"https:\/\/minadrinks.com.tr\/index.php\/wp-json\/wp\/v2\/types\/page"}],"author":[{"embeddable":true,"href":"https:\/\/minadrinks.com.tr\/index.php\/wp-json\/wp\/v2\/users\/1"}],"replies":[{"embeddable":true,"href":"https:\/\/minadrinks.com.tr\/index.php\/wp-json\/wp\/v2\/comments?post=411"}],"version-history":[{"count":53,"href":"https:\/\/minadrinks.com.tr\/index.php\/wp-json\/wp\/v2\/pages\/411\/revisions"}],"predecessor-version":[{"id":1428,"href":"https:\/\/minadrinks.com.tr\/index.php\/wp-json\/wp\/v2\/pages\/411\/revisions\/1428"}],"wp:attachment":[{"href":"https:\/\/minadrinks.com.tr\/index.php\/wp-json\/wp\/v2\/media?parent=411"}],"curies":[{"name":"wp","href":"https:\/\/api.w.org\/{rel}","templated":true}]}}