{"id":712,"date":"2023-06-10T10:11:32","date_gmt":"2023-06-10T07:11:32","guid":{"rendered":"https:\/\/minadrinks.com.tr\/?page_id=712"},"modified":"2025-10-17T09:44:37","modified_gmt":"2025-10-17T06:44:37","slug":"mina-super-ciptos","status":"publish","type":"page","link":"https:\/\/minadrinks.com.tr\/index.php\/mina-super-ciptos\/","title":{"rendered":"Tigaz Cips"},"content":{"rendered":"\t\t<div data-elementor-type=\"wp-page\" data-elementor-id=\"712\" class=\"elementor elementor-712\" data-elementor-post-type=\"page\">\n\t\t\t\t\t\t<section class=\"elementor-section elementor-top-section elementor-element elementor-element-64cdd602 elementor-section-boxed elementor-section-height-default elementor-section-height-default\" data-id=\"64cdd602\" data-element_type=\"section\" data-settings=\"{&quot;background_background&quot;:&quot;classic&quot;}\">\n\t\t\t\t\t\t<div class=\"elementor-container elementor-column-gap-default\">\n\t\t\t\t\t<div class=\"elementor-column elementor-col-100 elementor-top-column elementor-element elementor-element-58776ad0\" data-id=\"58776ad0\" data-element_type=\"column\">\n\t\t\t<div class=\"elementor-widget-wrap elementor-element-populated\">\n\t\t\t\t\t\t<div class=\"elementor-element elementor-element-493d21ea elementor-invisible elementor-widget elementor-widget-elementskit-heading\" data-id=\"493d21ea\" data-element_type=\"widget\" data-settings=\"{&quot;_animation&quot;:&quot;fadeInDown&quot;}\" data-widget_type=\"elementskit-heading.default\">\n\t\t\t\t<div class=\"elementor-widget-container\">\n\t\t\t\t\t<div class=\"ekit-wid-con\" ><div class=\"ekit-heading elementskit-section-title-wraper text_center   ekit_heading_tablet-   ekit_heading_mobile-\"><h2 class=\"ekit-heading--title elementskit-section-title \">Arad\u0131\u011f\u0131n <span><span>Tat<\/span><\/span> Mina G\u0131da'da<\/h2><\/div><\/div>\t\t\t\t<\/div>\n\t\t\t\t<\/div>\n\t\t\t\t<div class=\"elementor-element elementor-element-1b344e6 elementor-invisible elementor-widget elementor-widget-elementskit-heading\" data-id=\"1b344e6\" data-element_type=\"widget\" data-settings=\"{&quot;_animation&quot;:&quot;fadeInDown&quot;}\" data-widget_type=\"elementskit-heading.default\">\n\t\t\t\t<div class=\"elementor-widget-container\">\n\t\t\t\t\t<div class=\"ekit-wid-con\" ><div class=\"ekit-heading elementskit-section-title-wraper text_center   ekit_heading_tablet-   ekit_heading_mobile-\"><h2 class=\"ekit-heading--title elementskit-section-title \"><span><span>Mina Tigaz Ciptos<\/span><\/span> Mina Drinks'De<\/h2><\/div><\/div>\t\t\t\t<\/div>\n\t\t\t\t<\/div>\n\t\t\t\t\t<\/div>\n\t\t<\/div>\n\t\t\t\t\t<\/div>\n\t\t<\/section>\n\t\t\t\t<section class=\"elementor-section elementor-top-section elementor-element elementor-element-6c81b307 elementor-section-boxed elementor-section-height-default elementor-section-height-default\" data-id=\"6c81b307\" data-element_type=\"section\" data-settings=\"{&quot;background_background&quot;:&quot;gradient&quot;}\">\n\t\t\t\t\t\t\t<div class=\"elementor-background-overlay\"><\/div>\n\t\t\t\t\t\t\t<div class=\"elementor-container elementor-column-gap-default\">\n\t\t\t\t\t<div class=\"elementor-column elementor-col-33 elementor-top-column elementor-element elementor-element-1d524a47 elementor-invisible\" data-id=\"1d524a47\" data-element_type=\"column\" data-settings=\"{&quot;animation&quot;:&quot;slideInLeft&quot;,&quot;animation_delay&quot;:720}\">\n\t\t\t<div class=\"elementor-widget-wrap elementor-element-populated\">\n\t\t\t\t\t\t<div class=\"elementor-element elementor-element-b98646d elementor-widget elementor-widget-image\" data-id=\"b98646d\" data-element_type=\"widget\" data-widget_type=\"image.default\">\n\t\t\t\t<div class=\"elementor-widget-container\">\n\t\t\t\t\t\t\t\t\t\t\t\t\t\t\t<img fetchpriority=\"high\" decoding=\"async\" width=\"2048\" height=\"2048\" src=\"https:\/\/minadrinks.com.tr\/wp-content\/uploads\/2025\/10\/3.webp\" class=\"elementor-animation-float attachment-full size-full wp-image-1070\" alt=\"\" srcset=\"https:\/\/minadrinks.com.tr\/wp-content\/uploads\/2025\/10\/3.webp 2048w, https:\/\/minadrinks.com.tr\/wp-content\/uploads\/2025\/10\/3-300x300.webp 300w, https:\/\/minadrinks.com.tr\/wp-content\/uploads\/2025\/10\/3-1024x1024.webp 1024w, https:\/\/minadrinks.com.tr\/wp-content\/uploads\/2025\/10\/3-150x150.webp 150w, https:\/\/minadrinks.com.tr\/wp-content\/uploads\/2025\/10\/3-768x768.webp 768w, https:\/\/minadrinks.com.tr\/wp-content\/uploads\/2025\/10\/3-1536x1536.webp 1536w\" sizes=\"(max-width: 2048px) 100vw, 2048px\" \/>\t\t\t\t\t\t\t\t\t\t\t\t\t\t\t<\/div>\n\t\t\t\t<\/div>\n\t\t\t\t<div class=\"elementor-element elementor-element-31c0212 elementor-widget elementor-widget-image\" data-id=\"31c0212\" data-element_type=\"widget\" data-widget_type=\"image.default\">\n\t\t\t\t<div class=\"elementor-widget-container\">\n\t\t\t\t\t\t\t\t\t\t\t\t\t\t\t<img decoding=\"async\" width=\"378\" height=\"466\" src=\"https:\/\/minadrinks.com.tr\/wp-content\/uploads\/2023\/06\/Adsiz-tasarim-3.png\" class=\"attachment-full size-full wp-image-740\" alt=\"\" srcset=\"https:\/\/minadrinks.com.tr\/wp-content\/uploads\/2023\/06\/Adsiz-tasarim-3.png 378w, https:\/\/minadrinks.com.tr\/wp-content\/uploads\/2023\/06\/Adsiz-tasarim-3-243x300.png 243w\" sizes=\"(max-width: 378px) 100vw, 378px\" \/>\t\t\t\t\t\t\t\t\t\t\t\t\t\t\t<\/div>\n\t\t\t\t<\/div>\n\t\t\t\t<section class=\"elementor-section elementor-inner-section elementor-element elementor-element-51fc14d8 elementor-section-boxed elementor-section-height-default elementor-section-height-default\" data-id=\"51fc14d8\" data-element_type=\"section\">\n\t\t\t\t\t\t<div class=\"elementor-container elementor-column-gap-default\">\n\t\t\t\t\t<div class=\"elementor-column elementor-col-100 elementor-inner-column elementor-element elementor-element-7e132869\" data-id=\"7e132869\" data-element_type=\"column\" data-settings=\"{&quot;background_background&quot;:&quot;classic&quot;}\">\n\t\t\t<div class=\"elementor-widget-wrap elementor-element-populated\">\n\t\t\t\t\t\t<div class=\"elementor-element elementor-element-5fb61992 premium-header-inline premium-lq__none premium-box-lq__none elementor-widget elementor-widget-premium-addon-dual-header\" data-id=\"5fb61992\" data-element_type=\"widget\" data-widget_type=\"premium-addon-dual-header.default\">\n\t\t\t\t<div class=\"elementor-widget-container\">\n\t\t\t\t\t\n\t\t\t\t\t<h2 class=\"premium-dual-header-first-header \"><span class=\"premium-dual-header-first-span\">Tigaz Pizza  <\/span><span class=\"premium-dual-header-second-header \">Aromal\u0131 M\u0131s\u0131r Cipsi<\/span><\/h2> \t\t\n\t\t\t\t\t\t<\/div>\n\t\t\t\t<\/div>\n\t\t\t\t\t<\/div>\n\t\t<\/div>\n\t\t\t\t\t<\/div>\n\t\t<\/section>\n\t\t\t\t\t<\/div>\n\t\t<\/div>\n\t\t\t\t<div class=\"elementor-column elementor-col-33 elementor-top-column elementor-element elementor-element-4763f017 elementor-invisible\" data-id=\"4763f017\" data-element_type=\"column\" data-settings=\"{&quot;animation&quot;:&quot;slideInLeft&quot;,&quot;animation_delay&quot;:360}\">\n\t\t\t<div class=\"elementor-widget-wrap elementor-element-populated\">\n\t\t\t\t\t\t<div class=\"elementor-element elementor-element-77a4c173 elementor-widget elementor-widget-image\" data-id=\"77a4c173\" data-element_type=\"widget\" data-widget_type=\"image.default\">\n\t\t\t\t<div class=\"elementor-widget-container\">\n\t\t\t\t\t\t\t\t\t\t\t\t\t\t\t<img decoding=\"async\" width=\"2048\" height=\"2048\" src=\"https:\/\/minadrinks.com.tr\/wp-content\/uploads\/2025\/10\/4.webp\" class=\"elementor-animation-float attachment-full size-full wp-image-1071\" alt=\"\" srcset=\"https:\/\/minadrinks.com.tr\/wp-content\/uploads\/2025\/10\/4.webp 2048w, https:\/\/minadrinks.com.tr\/wp-content\/uploads\/2025\/10\/4-300x300.webp 300w, https:\/\/minadrinks.com.tr\/wp-content\/uploads\/2025\/10\/4-1024x1024.webp 1024w, https:\/\/minadrinks.com.tr\/wp-content\/uploads\/2025\/10\/4-150x150.webp 150w, https:\/\/minadrinks.com.tr\/wp-content\/uploads\/2025\/10\/4-768x768.webp 768w, https:\/\/minadrinks.com.tr\/wp-content\/uploads\/2025\/10\/4-1536x1536.webp 1536w\" sizes=\"(max-width: 2048px) 100vw, 2048px\" \/>\t\t\t\t\t\t\t\t\t\t\t\t\t\t\t<\/div>\n\t\t\t\t<\/div>\n\t\t\t\t<div class=\"elementor-element elementor-element-16b49650 elementor-widget elementor-widget-image\" data-id=\"16b49650\" data-element_type=\"widget\" data-widget_type=\"image.default\">\n\t\t\t\t<div class=\"elementor-widget-container\">\n\t\t\t\t\t\t\t\t\t\t\t\t\t\t\t<img loading=\"lazy\" decoding=\"async\" width=\"450\" height=\"300\" src=\"https:\/\/minadrinks.com.tr\/wp-content\/uploads\/2023\/06\/2323221.png\" class=\"attachment-full size-full wp-image-752\" alt=\"\" srcset=\"https:\/\/minadrinks.com.tr\/wp-content\/uploads\/2023\/06\/2323221.png 450w, https:\/\/minadrinks.com.tr\/wp-content\/uploads\/2023\/06\/2323221-300x200.png 300w\" sizes=\"(max-width: 450px) 100vw, 450px\" \/>\t\t\t\t\t\t\t\t\t\t\t\t\t\t\t<\/div>\n\t\t\t\t<\/div>\n\t\t\t\t<section class=\"elementor-section elementor-inner-section elementor-element elementor-element-263d239e elementor-section-boxed elementor-section-height-default elementor-section-height-default\" data-id=\"263d239e\" data-element_type=\"section\">\n\t\t\t\t\t\t<div class=\"elementor-container elementor-column-gap-default\">\n\t\t\t\t\t<div class=\"elementor-column elementor-col-100 elementor-inner-column elementor-element elementor-element-7478b56d\" data-id=\"7478b56d\" data-element_type=\"column\" data-settings=\"{&quot;background_background&quot;:&quot;classic&quot;}\">\n\t\t\t<div class=\"elementor-widget-wrap elementor-element-populated\">\n\t\t\t\t\t\t<div class=\"elementor-element elementor-element-5bbe7e63 premium-header-inline premium-lq__none premium-box-lq__none elementor-widget elementor-widget-premium-addon-dual-header\" data-id=\"5bbe7e63\" data-element_type=\"widget\" data-widget_type=\"premium-addon-dual-header.default\">\n\t\t\t\t<div class=\"elementor-widget-container\">\n\t\t\t\t\t\n\t\t\t\t\t<h2 class=\"premium-dual-header-first-header \"><span class=\"premium-dual-header-first-span\">Tigaz Peynir <\/span><span class=\"premium-dual-header-second-header \">Aromal\u0131 M\u0131s\u0131r Cipsi<\/span><\/h2> \t\t\n\t\t\t\t\t\t<\/div>\n\t\t\t\t<\/div>\n\t\t\t\t\t<\/div>\n\t\t<\/div>\n\t\t\t\t\t<\/div>\n\t\t<\/section>\n\t\t\t\t\t<\/div>\n\t\t<\/div>\n\t\t\t\t<div class=\"elementor-column elementor-col-33 elementor-top-column elementor-element elementor-element-b1145c0 elementor-invisible\" data-id=\"b1145c0\" data-element_type=\"column\" data-settings=\"{&quot;animation&quot;:&quot;slideInLeft&quot;}\">\n\t\t\t<div class=\"elementor-widget-wrap elementor-element-populated\">\n\t\t\t\t\t\t<div class=\"elementor-element elementor-element-7a694d08 elementor-widget elementor-widget-image\" data-id=\"7a694d08\" data-element_type=\"widget\" data-widget_type=\"image.default\">\n\t\t\t\t<div class=\"elementor-widget-container\">\n\t\t\t\t\t\t\t\t\t\t\t\t\t\t\t<img loading=\"lazy\" decoding=\"async\" width=\"2048\" height=\"2048\" src=\"https:\/\/minadrinks.com.tr\/wp-content\/uploads\/2025\/10\/6.webp\" class=\"elementor-animation-float attachment-full size-full wp-image-1073\" alt=\"\" srcset=\"https:\/\/minadrinks.com.tr\/wp-content\/uploads\/2025\/10\/6.webp 2048w, https:\/\/minadrinks.com.tr\/wp-content\/uploads\/2025\/10\/6-300x300.webp 300w, https:\/\/minadrinks.com.tr\/wp-content\/uploads\/2025\/10\/6-1024x1024.webp 1024w, https:\/\/minadrinks.com.tr\/wp-content\/uploads\/2025\/10\/6-150x150.webp 150w, https:\/\/minadrinks.com.tr\/wp-content\/uploads\/2025\/10\/6-768x768.webp 768w, https:\/\/minadrinks.com.tr\/wp-content\/uploads\/2025\/10\/6-1536x1536.webp 1536w\" sizes=\"(max-width: 2048px) 100vw, 2048px\" \/>\t\t\t\t\t\t\t\t\t\t\t\t\t\t\t<\/div>\n\t\t\t\t<\/div>\n\t\t\t\t<div class=\"elementor-element elementor-element-275c5568 elementor-widget elementor-widget-image\" data-id=\"275c5568\" data-element_type=\"widget\" data-widget_type=\"image.default\">\n\t\t\t\t<div class=\"elementor-widget-container\">\n\t\t\t\t\t\t\t\t\t\t\t\t\t\t\t<img loading=\"lazy\" decoding=\"async\" width=\"600\" height=\"415\" src=\"https:\/\/minadrinks.com.tr\/wp-content\/uploads\/2023\/06\/biber3.png\" class=\"attachment-full size-full wp-image-764\" alt=\"\" srcset=\"https:\/\/minadrinks.com.tr\/wp-content\/uploads\/2023\/06\/biber3.png 600w, https:\/\/minadrinks.com.tr\/wp-content\/uploads\/2023\/06\/biber3-300x208.png 300w\" sizes=\"(max-width: 600px) 100vw, 600px\" \/>\t\t\t\t\t\t\t\t\t\t\t\t\t\t\t<\/div>\n\t\t\t\t<\/div>\n\t\t\t\t<section class=\"elementor-section elementor-inner-section elementor-element elementor-element-1b2189d5 elementor-section-boxed elementor-section-height-default elementor-section-height-default\" data-id=\"1b2189d5\" data-element_type=\"section\">\n\t\t\t\t\t\t<div class=\"elementor-container elementor-column-gap-default\">\n\t\t\t\t\t<div class=\"elementor-column elementor-col-100 elementor-inner-column elementor-element elementor-element-2ef4b40d\" data-id=\"2ef4b40d\" data-element_type=\"column\" data-settings=\"{&quot;background_background&quot;:&quot;classic&quot;}\">\n\t\t\t<div class=\"elementor-widget-wrap elementor-element-populated\">\n\t\t\t\t\t\t<div class=\"elementor-element elementor-element-71138bdd premium-header-inline premium-lq__none premium-box-lq__none elementor-widget elementor-widget-premium-addon-dual-header\" data-id=\"71138bdd\" data-element_type=\"widget\" data-widget_type=\"premium-addon-dual-header.default\">\n\t\t\t\t<div class=\"elementor-widget-container\">\n\t\t\t\t\t\n\t\t\t\t\t<h2 class=\"premium-dual-header-first-header \"><span class=\"premium-dual-header-first-span\">Tigaz Ac\u0131 &amp; Lime <\/span><span class=\"premium-dual-header-second-header \">Aromal\u0131 M\u0131s\u0131r Cipsi<\/span><\/h2> \t\t\n\t\t\t\t\t\t<\/div>\n\t\t\t\t<\/div>\n\t\t\t\t\t<\/div>\n\t\t<\/div>\n\t\t\t\t\t<\/div>\n\t\t<\/section>\n\t\t\t\t\t<\/div>\n\t\t<\/div>\n\t\t\t\t\t<\/div>\n\t\t<\/section>\n\t\t\t\t<section class=\"elementor-section elementor-top-section elementor-element elementor-element-7e28ce5 elementor-section-boxed elementor-section-height-default elementor-section-height-default\" data-id=\"7e28ce5\" data-element_type=\"section\" data-settings=\"{&quot;background_background&quot;:&quot;gradient&quot;}\">\n\t\t\t\t\t\t\t<div class=\"elementor-background-overlay\"><\/div>\n\t\t\t\t\t\t\t<div class=\"elementor-container elementor-column-gap-default\">\n\t\t\t\t\t<div class=\"elementor-column elementor-col-33 elementor-top-column elementor-element elementor-element-14f0d3d elementor-invisible\" data-id=\"14f0d3d\" data-element_type=\"column\" data-settings=\"{&quot;animation&quot;:&quot;slideInLeft&quot;,&quot;animation_delay&quot;:720}\">\n\t\t\t<div class=\"elementor-widget-wrap elementor-element-populated\">\n\t\t\t\t\t\t<div class=\"elementor-element elementor-element-1519c8f elementor-widget elementor-widget-image\" data-id=\"1519c8f\" data-element_type=\"widget\" data-widget_type=\"image.default\">\n\t\t\t\t<div class=\"elementor-widget-container\">\n\t\t\t\t\t\t\t\t\t\t\t\t\t\t\t<img loading=\"lazy\" decoding=\"async\" width=\"2048\" height=\"2048\" src=\"https:\/\/minadrinks.com.tr\/wp-content\/uploads\/2025\/10\/2.webp\" class=\"elementor-animation-float attachment-full size-full wp-image-1075\" alt=\"\" srcset=\"https:\/\/minadrinks.com.tr\/wp-content\/uploads\/2025\/10\/2.webp 2048w, https:\/\/minadrinks.com.tr\/wp-content\/uploads\/2025\/10\/2-300x300.webp 300w, https:\/\/minadrinks.com.tr\/wp-content\/uploads\/2025\/10\/2-1024x1024.webp 1024w, https:\/\/minadrinks.com.tr\/wp-content\/uploads\/2025\/10\/2-150x150.webp 150w, https:\/\/minadrinks.com.tr\/wp-content\/uploads\/2025\/10\/2-768x768.webp 768w, https:\/\/minadrinks.com.tr\/wp-content\/uploads\/2025\/10\/2-1536x1536.webp 1536w\" sizes=\"(max-width: 2048px) 100vw, 2048px\" \/>\t\t\t\t\t\t\t\t\t\t\t\t\t\t\t<\/div>\n\t\t\t\t<\/div>\n\t\t\t\t<div class=\"elementor-element elementor-element-0df94e1 elementor-widget elementor-widget-image\" data-id=\"0df94e1\" data-element_type=\"widget\" data-widget_type=\"image.default\">\n\t\t\t\t<div class=\"elementor-widget-container\">\n\t\t\t\t\t\t\t\t\t\t\t\t\t\t\t<img loading=\"lazy\" decoding=\"async\" width=\"500\" height=\"328\" src=\"https:\/\/minadrinks.com.tr\/wp-content\/uploads\/2023\/06\/Misir.png\" class=\"attachment-full size-full wp-image-768\" alt=\"\" srcset=\"https:\/\/minadrinks.com.tr\/wp-content\/uploads\/2023\/06\/Misir.png 500w, https:\/\/minadrinks.com.tr\/wp-content\/uploads\/2023\/06\/Misir-300x197.png 300w\" sizes=\"(max-width: 500px) 100vw, 500px\" \/>\t\t\t\t\t\t\t\t\t\t\t\t\t\t\t<\/div>\n\t\t\t\t<\/div>\n\t\t\t\t<section class=\"elementor-section elementor-inner-section elementor-element elementor-element-cabdf3a elementor-section-boxed elementor-section-height-default elementor-section-height-default\" data-id=\"cabdf3a\" data-element_type=\"section\">\n\t\t\t\t\t\t<div class=\"elementor-container elementor-column-gap-default\">\n\t\t\t\t\t<div class=\"elementor-column elementor-col-100 elementor-inner-column elementor-element elementor-element-185147b\" data-id=\"185147b\" data-element_type=\"column\" data-settings=\"{&quot;background_background&quot;:&quot;classic&quot;}\">\n\t\t\t<div class=\"elementor-widget-wrap elementor-element-populated\">\n\t\t\t\t\t\t<div class=\"elementor-element elementor-element-10368f8 premium-header-inline premium-lq__none premium-box-lq__none elementor-widget elementor-widget-premium-addon-dual-header\" data-id=\"10368f8\" data-element_type=\"widget\" data-widget_type=\"premium-addon-dual-header.default\">\n\t\t\t\t<div class=\"elementor-widget-container\">\n\t\t\t\t\t\n\t\t\t\t\t<h2 class=\"premium-dual-header-first-header \"><span class=\"premium-dual-header-first-span\">Tigaz S\u00fct M\u0131s\u0131r <\/span><span class=\"premium-dual-header-second-header \">Aromal\u0131 M\u0131s\u0131r Cipsi<\/span><\/h2> \t\t\n\t\t\t\t\t\t<\/div>\n\t\t\t\t<\/div>\n\t\t\t\t\t<\/div>\n\t\t<\/div>\n\t\t\t\t\t<\/div>\n\t\t<\/section>\n\t\t\t\t\t<\/div>\n\t\t<\/div>\n\t\t\t\t<div class=\"elementor-column elementor-col-33 elementor-top-column elementor-element elementor-element-c617959 elementor-invisible\" data-id=\"c617959\" data-element_type=\"column\" data-settings=\"{&quot;animation&quot;:&quot;slideInLeft&quot;,&quot;animation_delay&quot;:360}\">\n\t\t\t<div class=\"elementor-widget-wrap elementor-element-populated\">\n\t\t\t\t\t\t<div class=\"elementor-element elementor-element-a11386e elementor-widget elementor-widget-image\" data-id=\"a11386e\" data-element_type=\"widget\" data-widget_type=\"image.default\">\n\t\t\t\t<div class=\"elementor-widget-container\">\n\t\t\t\t\t\t\t\t\t\t\t\t\t\t\t<img loading=\"lazy\" decoding=\"async\" width=\"2048\" height=\"2048\" src=\"https:\/\/minadrinks.com.tr\/wp-content\/uploads\/2025\/10\/5.webp\" class=\"elementor-animation-float attachment-full size-full wp-image-1072\" alt=\"\" srcset=\"https:\/\/minadrinks.com.tr\/wp-content\/uploads\/2025\/10\/5.webp 2048w, https:\/\/minadrinks.com.tr\/wp-content\/uploads\/2025\/10\/5-300x300.webp 300w, https:\/\/minadrinks.com.tr\/wp-content\/uploads\/2025\/10\/5-1024x1024.webp 1024w, https:\/\/minadrinks.com.tr\/wp-content\/uploads\/2025\/10\/5-150x150.webp 150w, https:\/\/minadrinks.com.tr\/wp-content\/uploads\/2025\/10\/5-768x768.webp 768w, https:\/\/minadrinks.com.tr\/wp-content\/uploads\/2025\/10\/5-1536x1536.webp 1536w\" sizes=\"(max-width: 2048px) 100vw, 2048px\" \/>\t\t\t\t\t\t\t\t\t\t\t\t\t\t\t<\/div>\n\t\t\t\t<\/div>\n\t\t\t\t<div class=\"elementor-element elementor-element-5cfc887 elementor-widget elementor-widget-image\" data-id=\"5cfc887\" data-element_type=\"widget\" data-widget_type=\"image.default\">\n\t\t\t\t<div class=\"elementor-widget-container\">\n\t\t\t\t\t\t\t\t\t\t\t\t\t\t\t<img loading=\"lazy\" decoding=\"async\" width=\"507\" height=\"469\" src=\"https:\/\/minadrinks.com.tr\/wp-content\/uploads\/2023\/06\/domates.png\" class=\"attachment-full size-full wp-image-772\" alt=\"\" srcset=\"https:\/\/minadrinks.com.tr\/wp-content\/uploads\/2023\/06\/domates.png 507w, https:\/\/minadrinks.com.tr\/wp-content\/uploads\/2023\/06\/domates-300x278.png 300w\" sizes=\"(max-width: 507px) 100vw, 507px\" \/>\t\t\t\t\t\t\t\t\t\t\t\t\t\t\t<\/div>\n\t\t\t\t<\/div>\n\t\t\t\t<section class=\"elementor-section elementor-inner-section elementor-element elementor-element-d8fba04 elementor-section-boxed elementor-section-height-default elementor-section-height-default\" data-id=\"d8fba04\" data-element_type=\"section\">\n\t\t\t\t\t\t<div class=\"elementor-container elementor-column-gap-default\">\n\t\t\t\t\t<div class=\"elementor-column elementor-col-100 elementor-inner-column elementor-element elementor-element-2e7bfee\" data-id=\"2e7bfee\" data-element_type=\"column\" data-settings=\"{&quot;background_background&quot;:&quot;classic&quot;}\">\n\t\t\t<div class=\"elementor-widget-wrap elementor-element-populated\">\n\t\t\t\t\t\t<div class=\"elementor-element elementor-element-0283c40 premium-header-inline premium-lq__none premium-box-lq__none elementor-widget elementor-widget-premium-addon-dual-header\" data-id=\"0283c40\" data-element_type=\"widget\" data-widget_type=\"premium-addon-dual-header.default\">\n\t\t\t\t<div class=\"elementor-widget-container\">\n\t\t\t\t\t\n\t\t\t\t\t<h2 class=\"premium-dual-header-first-header \"><span class=\"premium-dual-header-first-span\">Tigaz Ket\u00e7ap <\/span><span class=\"premium-dual-header-second-header \">Aromal\u0131 M\u0131s\u0131r Cipsi<\/span><\/h2> \t\t\n\t\t\t\t\t\t<\/div>\n\t\t\t\t<\/div>\n\t\t\t\t\t<\/div>\n\t\t<\/div>\n\t\t\t\t\t<\/div>\n\t\t<\/section>\n\t\t\t\t\t<\/div>\n\t\t<\/div>\n\t\t\t\t<div class=\"elementor-column elementor-col-33 elementor-top-column elementor-element elementor-element-1e3df6d elementor-invisible\" data-id=\"1e3df6d\" data-element_type=\"column\" data-settings=\"{&quot;animation&quot;:&quot;slideInLeft&quot;,&quot;animation_delay&quot;:360}\">\n\t\t\t<div class=\"elementor-widget-wrap elementor-element-populated\">\n\t\t\t\t\t\t<div class=\"elementor-element elementor-element-83c9563 elementor-widget elementor-widget-image\" data-id=\"83c9563\" data-element_type=\"widget\" data-widget_type=\"image.default\">\n\t\t\t\t<div class=\"elementor-widget-container\">\n\t\t\t\t\t\t\t\t\t\t\t\t\t\t\t<img loading=\"lazy\" decoding=\"async\" width=\"2048\" height=\"2048\" src=\"https:\/\/minadrinks.com.tr\/wp-content\/uploads\/2025\/10\/1.webp\" class=\"elementor-animation-float attachment-full size-full wp-image-1074\" alt=\"\" srcset=\"https:\/\/minadrinks.com.tr\/wp-content\/uploads\/2025\/10\/1.webp 2048w, https:\/\/minadrinks.com.tr\/wp-content\/uploads\/2025\/10\/1-300x300.webp 300w, https:\/\/minadrinks.com.tr\/wp-content\/uploads\/2025\/10\/1-1024x1024.webp 1024w, https:\/\/minadrinks.com.tr\/wp-content\/uploads\/2025\/10\/1-150x150.webp 150w, https:\/\/minadrinks.com.tr\/wp-content\/uploads\/2025\/10\/1-768x768.webp 768w, https:\/\/minadrinks.com.tr\/wp-content\/uploads\/2025\/10\/1-1536x1536.webp 1536w\" sizes=\"(max-width: 2048px) 100vw, 2048px\" \/>\t\t\t\t\t\t\t\t\t\t\t\t\t\t\t<\/div>\n\t\t\t\t<\/div>\n\t\t\t\t<div class=\"elementor-element elementor-element-6637c9f elementor-widget elementor-widget-image\" data-id=\"6637c9f\" data-element_type=\"widget\" data-widget_type=\"image.default\">\n\t\t\t\t<div class=\"elementor-widget-container\">\n\t\t\t\t\t\t\t\t\t\t\t\t\t\t\t<img loading=\"lazy\" decoding=\"async\" width=\"500\" height=\"462\" src=\"https:\/\/minadrinks.com.tr\/wp-content\/uploads\/2023\/06\/Adsiz-tasarim-5.png\" class=\"attachment-full size-full wp-image-776\" alt=\"\" srcset=\"https:\/\/minadrinks.com.tr\/wp-content\/uploads\/2023\/06\/Adsiz-tasarim-5.png 500w, https:\/\/minadrinks.com.tr\/wp-content\/uploads\/2023\/06\/Adsiz-tasarim-5-300x277.png 300w\" sizes=\"(max-width: 500px) 100vw, 500px\" \/>\t\t\t\t\t\t\t\t\t\t\t\t\t\t\t<\/div>\n\t\t\t\t<\/div>\n\t\t\t\t<section class=\"elementor-section elementor-inner-section elementor-element elementor-element-858dcac elementor-section-boxed elementor-section-height-default elementor-section-height-default\" data-id=\"858dcac\" data-element_type=\"section\">\n\t\t\t\t\t\t<div class=\"elementor-container elementor-column-gap-default\">\n\t\t\t\t\t<div class=\"elementor-column elementor-col-100 elementor-inner-column elementor-element elementor-element-5c8b797\" data-id=\"5c8b797\" data-element_type=\"column\" data-settings=\"{&quot;background_background&quot;:&quot;classic&quot;}\">\n\t\t\t<div class=\"elementor-widget-wrap elementor-element-populated\">\n\t\t\t\t\t\t<div class=\"elementor-element elementor-element-ab5bd6e premium-header-inline premium-lq__none premium-box-lq__none elementor-widget elementor-widget-premium-addon-dual-header\" data-id=\"ab5bd6e\" data-element_type=\"widget\" data-widget_type=\"premium-addon-dual-header.default\">\n\t\t\t\t<div class=\"elementor-widget-container\">\n\t\t\t\t\t\n\t\t\t\t\t<h2 class=\"premium-dual-header-first-header \"><span class=\"premium-dual-header-first-span\">Tigaz Noodle <\/span><span class=\"premium-dual-header-second-header \">Aromal\u0131 M\u0131s\u0131r Cipsi<\/span><\/h2> \t\t\n\t\t\t\t\t\t<\/div>\n\t\t\t\t<\/div>\n\t\t\t\t\t<\/div>\n\t\t<\/div>\n\t\t\t\t\t<\/div>\n\t\t<\/section>\n\t\t\t\t\t<\/div>\n\t\t<\/div>\n\t\t\t\t\t<\/div>\n\t\t<\/section>\n\t\t\t\t<\/div>\n\t\t","protected":false},"excerpt":{"rendered":"<p>Arad\u0131\u011f\u0131n Tat Mina G\u0131da&#8217;da Mina Tigaz Ciptos Mina Drinks&#8217;De Tigaz Pizza Aromal\u0131 M\u0131s\u0131r Cipsi Tigaz Peynir Aromal\u0131 M\u0131s\u0131r Cipsi Tigaz Ac\u0131 &amp; Lime Aromal\u0131 M\u0131s\u0131r Cipsi Tigaz S\u00fct M\u0131s\u0131r Aromal\u0131 M\u0131s\u0131r Cipsi Tigaz Ket\u00e7ap Aromal\u0131 M\u0131s\u0131r Cipsi Tigaz Noodle Aromal\u0131 M\u0131s\u0131r Cipsi<\/p>\n","protected":false},"author":1,"featured_media":0,"parent":0,"menu_order":0,"comment_status":"closed","ping_status":"closed","template":"elementor_header_footer","meta":{"footnotes":""},"class_list":["post-712","page","type-page","status-publish","hentry"],"lang":"tr","translations":{"tr":712,"en":1574,"de":1587,"ar":1596},"pll_sync_post":[],"_links":{"self":[{"href":"https:\/\/minadrinks.com.tr\/index.php\/wp-json\/wp\/v2\/pages\/712","targetHints":{"allow":["GET"]}}],"collection":[{"href":"https:\/\/minadrinks.com.tr\/index.php\/wp-json\/wp\/v2\/pages"}],"about":[{"href":"https:\/\/minadrinks.com.tr\/index.php\/wp-json\/wp\/v2\/types\/page"}],"author":[{"embeddable":true,"href":"https:\/\/minadrinks.com.tr\/index.php\/wp-json\/wp\/v2\/users\/1"}],"replies":[{"embeddable":true,"href":"https:\/\/minadrinks.com.tr\/index.php\/wp-json\/wp\/v2\/comments?post=712"}],"version-history":[{"count":98,"href":"https:\/\/minadrinks.com.tr\/index.php\/wp-json\/wp\/v2\/pages\/712\/revisions"}],"predecessor-version":[{"id":1855,"href":"https:\/\/minadrinks.com.tr\/index.php\/wp-json\/wp\/v2\/pages\/712\/revisions\/1855"}],"wp:attachment":[{"href":"https:\/\/minadrinks.com.tr\/index.php\/wp-json\/wp\/v2\/media?parent=712"}],"curies":[{"name":"wp","href":"https:\/\/api.w.org\/{rel}","templated":true}]}}