{"id":951,"date":"2023-09-07T15:55:04","date_gmt":"2023-09-07T12:55:04","guid":{"rendered":"https:\/\/minadrinks.com.tr\/?page_id=951"},"modified":"2025-10-06T22:40:19","modified_gmt":"2025-10-06T19:40:19","slug":"genel-icecekler","status":"publish","type":"page","link":"https:\/\/minadrinks.com.tr\/index.php\/genel-icecekler\/","title":{"rendered":"Gazoz \u00c7e\u015fitleri"},"content":{"rendered":"\t\t<div data-elementor-type=\"wp-page\" data-elementor-id=\"951\" class=\"elementor elementor-951\" data-elementor-post-type=\"page\">\n\t\t\t\t\t\t<section class=\"elementor-section elementor-top-section elementor-element elementor-element-3b8c0732 elementor-section-boxed elementor-section-height-default elementor-section-height-default\" data-id=\"3b8c0732\" data-element_type=\"section\" data-settings=\"{&quot;background_background&quot;:&quot;classic&quot;}\">\n\t\t\t\t\t\t\t<div class=\"elementor-background-overlay\"><\/div>\n\t\t\t\t\t\t\t<div class=\"elementor-container elementor-column-gap-default\">\n\t\t\t\t\t<div class=\"elementor-column elementor-col-100 elementor-top-column elementor-element elementor-element-6b8eeb8\" data-id=\"6b8eeb8\" data-element_type=\"column\">\n\t\t\t<div class=\"elementor-widget-wrap elementor-element-populated\">\n\t\t\t\t\t\t<div class=\"elementor-element elementor-element-761206d elementor-widget elementor-widget-heading\" data-id=\"761206d\" data-element_type=\"widget\" data-widget_type=\"heading.default\">\n\t\t\t\t<div class=\"elementor-widget-container\">\n\t\t\t\t\t<h2 class=\"elementor-heading-title elementor-size-default\">Gazoz \u00c7e\u015fitleri<\/h2>\t\t\t\t<\/div>\n\t\t\t\t<\/div>\n\t\t\t\t\t<\/div>\n\t\t<\/div>\n\t\t\t\t\t<\/div>\n\t\t<\/section>\n\t\t\t\t<section class=\"elementor-section elementor-top-section elementor-element elementor-element-65b4e925 elementor-section-boxed elementor-section-height-default elementor-section-height-default\" data-id=\"65b4e925\" data-element_type=\"section\">\n\t\t\t\t\t\t<div class=\"elementor-container elementor-column-gap-default\">\n\t\t\t\t\t<div class=\"elementor-column elementor-col-100 elementor-top-column elementor-element elementor-element-5d921a2c\" data-id=\"5d921a2c\" data-element_type=\"column\">\n\t\t\t<div class=\"elementor-widget-wrap elementor-element-populated\">\n\t\t\t\t\t\t<div class=\"elementor-element elementor-element-4c337dcd elementor-widget-divider--view-line_icon elementor-view-default elementor-widget-divider--element-align-center elementor-widget elementor-widget-divider\" data-id=\"4c337dcd\" data-element_type=\"widget\" data-settings=\"{&quot;_animation&quot;:&quot;none&quot;}\" data-widget_type=\"divider.default\">\n\t\t\t\t<div class=\"elementor-widget-container\">\n\t\t\t\t\t\t\t<div class=\"elementor-divider\">\n\t\t\t<span class=\"elementor-divider-separator\">\n\t\t\t\t\t\t\t<div class=\"elementor-icon elementor-divider__element\">\n\t\t\t\t\t<i aria-hidden=\"true\" class=\"fas fa-leaf\"><\/i><\/div>\n\t\t\t\t\t\t<\/span>\n\t\t<\/div>\n\t\t\t\t\t\t<\/div>\n\t\t\t\t<\/div>\n\t\t\t\t\t<\/div>\n\t\t<\/div>\n\t\t\t\t\t<\/div>\n\t\t<\/section>\n\t\t\t\t<section class=\"elementor-section elementor-top-section elementor-element elementor-element-59fc30df elementor-section-boxed elementor-section-height-default elementor-section-height-default\" data-id=\"59fc30df\" data-element_type=\"section\" data-settings=\"{&quot;background_background&quot;:&quot;gradient&quot;}\">\n\t\t\t\t\t\t\t<div class=\"elementor-background-overlay\"><\/div>\n\t\t\t\t\t\t\t<div class=\"elementor-container elementor-column-gap-default\">\n\t\t\t\t\t<div class=\"elementor-column elementor-col-33 elementor-top-column elementor-element elementor-element-74793208 elementor-invisible\" data-id=\"74793208\" data-element_type=\"column\" data-settings=\"{&quot;animation&quot;:&quot;slideInLeft&quot;,&quot;animation_delay&quot;:720}\">\n\t\t\t<div class=\"elementor-widget-wrap elementor-element-populated\">\n\t\t\t\t\t\t<div class=\"elementor-element elementor-element-56faf12 elementor-widget elementor-widget-heading\" data-id=\"56faf12\" data-element_type=\"widget\" data-widget_type=\"heading.default\">\n\t\t\t\t<div class=\"elementor-widget-container\">\n\t\t\t\t\t<h4 class=\"elementor-heading-title elementor-size-default\">Efsane Uluda\u011f Gazozu 6 Adet<\/h4>\t\t\t\t<\/div>\n\t\t\t\t<\/div>\n\t\t\t\t<div class=\"elementor-element elementor-element-6585f945 elementor-widget elementor-widget-image\" data-id=\"6585f945\" data-element_type=\"widget\" data-widget_type=\"image.default\">\n\t\t\t\t<div class=\"elementor-widget-container\">\n\t\t\t\t\t\t\t\t\t\t\t\t\t\t\t<img fetchpriority=\"high\" decoding=\"async\" width=\"403\" height=\"493\" src=\"https:\/\/minadrinks.com.tr\/wp-content\/uploads\/2023\/09\/Adsiz-tasarim-2.png\" class=\"attachment-full size-full wp-image-956\" alt=\"\" srcset=\"https:\/\/minadrinks.com.tr\/wp-content\/uploads\/2023\/09\/Adsiz-tasarim-2.png 403w, https:\/\/minadrinks.com.tr\/wp-content\/uploads\/2023\/09\/Adsiz-tasarim-2-245x300.png 245w\" sizes=\"(max-width: 403px) 100vw, 403px\" \/>\t\t\t\t\t\t\t\t\t\t\t\t\t\t\t<\/div>\n\t\t\t\t<\/div>\n\t\t\t\t\t<\/div>\n\t\t<\/div>\n\t\t\t\t<div class=\"elementor-column elementor-col-33 elementor-top-column elementor-element elementor-element-009feb4 elementor-invisible\" data-id=\"009feb4\" data-element_type=\"column\" data-settings=\"{&quot;animation&quot;:&quot;slideInLeft&quot;,&quot;animation_delay&quot;:720}\">\n\t\t\t<div class=\"elementor-widget-wrap elementor-element-populated\">\n\t\t\t\t\t\t<div class=\"elementor-element elementor-element-8af51c4 elementor-widget elementor-widget-heading\" data-id=\"8af51c4\" data-element_type=\"widget\" data-widget_type=\"heading.default\">\n\t\t\t\t<div class=\"elementor-widget-container\">\n\t\t\t\t\t<h4 class=\"elementor-heading-title elementor-size-default\"><h4 class=\"elementor-heading-title elementor-size-default elementor-inline-editing pen\" data-elementor-setting-key=\"title\" id=\"ep-56faf12\" data-pen-placeholder=\"Buraya yaz...\" style=\"font-family: var( --e-global-typography-83682a1-font-family ), Sans-serif;font-weight: var( --e-global-typography-83682a1-font-weight );line-height: var( --e-global-typography-83682a1-line-height );font-size: var( --e-global-typography-83682a1-font-size );letter-spacing: normal\">Efsane Uluda\u011f Gazozu<\/h4><\/h4>\t\t\t\t<\/div>\n\t\t\t\t<\/div>\n\t\t\t\t<div class=\"elementor-element elementor-element-7033c3f elementor-widget elementor-widget-image\" data-id=\"7033c3f\" data-element_type=\"widget\" data-widget_type=\"image.default\">\n\t\t\t\t<div class=\"elementor-widget-container\">\n\t\t\t\t\t\t\t\t\t\t\t\t\t\t\t<img decoding=\"async\" width=\"518\" height=\"573\" src=\"https:\/\/minadrinks.com.tr\/wp-content\/uploads\/2023\/09\/Adsiz-tasarim-1-2.png\" class=\"attachment-full size-full wp-image-962\" alt=\"\" srcset=\"https:\/\/minadrinks.com.tr\/wp-content\/uploads\/2023\/09\/Adsiz-tasarim-1-2.png 518w, https:\/\/minadrinks.com.tr\/wp-content\/uploads\/2023\/09\/Adsiz-tasarim-1-2-271x300.png 271w\" sizes=\"(max-width: 518px) 100vw, 518px\" \/>\t\t\t\t\t\t\t\t\t\t\t\t\t\t\t<\/div>\n\t\t\t\t<\/div>\n\t\t\t\t\t<\/div>\n\t\t<\/div>\n\t\t\t\t<div class=\"elementor-column elementor-col-33 elementor-top-column elementor-element elementor-element-839de00 elementor-invisible\" data-id=\"839de00\" data-element_type=\"column\" data-settings=\"{&quot;animation&quot;:&quot;slideInLeft&quot;,&quot;animation_delay&quot;:720}\">\n\t\t\t<div class=\"elementor-widget-wrap elementor-element-populated\">\n\t\t\t\t\t\t<div class=\"elementor-element elementor-element-a1792d1 elementor-widget elementor-widget-heading\" data-id=\"a1792d1\" data-element_type=\"widget\" data-widget_type=\"heading.default\">\n\t\t\t\t<div class=\"elementor-widget-container\">\n\t\t\t\t\t<h4 class=\"elementor-heading-title elementor-size-default\"><div style=\"align-items: center;flex-wrap: wrap;justify-content: space-between;margin-bottom: 4.5px;, Helvetica, Arial, sans-serif;font-size: 13px;font-weight: 400;text-align: start;white-space: normal\"><h1 style=\"font-weight: 600;line-height: 1.4;font-size: 30px;margin-top: 0px;margin-bottom: 0px;position: relative\"><span data-ui-id=\"page-title-wrapper\">Ni\u011fde Gazoz 6x250 Ml<\/span><\/h1><\/div><\/h4>\t\t\t\t<\/div>\n\t\t\t\t<\/div>\n\t\t\t\t<div class=\"elementor-element elementor-element-3c65963 elementor-widget elementor-widget-image\" data-id=\"3c65963\" data-element_type=\"widget\" data-widget_type=\"image.default\">\n\t\t\t\t<div class=\"elementor-widget-container\">\n\t\t\t\t\t\t\t\t\t\t\t\t\t\t\t<img decoding=\"async\" width=\"382\" height=\"490\" src=\"https:\/\/minadrinks.com.tr\/wp-content\/uploads\/2023\/09\/109.png\" class=\"attachment-full size-full wp-image-966\" alt=\"\" srcset=\"https:\/\/minadrinks.com.tr\/wp-content\/uploads\/2023\/09\/109.png 382w, https:\/\/minadrinks.com.tr\/wp-content\/uploads\/2023\/09\/109-234x300.png 234w\" sizes=\"(max-width: 382px) 100vw, 382px\" \/>\t\t\t\t\t\t\t\t\t\t\t\t\t\t\t<\/div>\n\t\t\t\t<\/div>\n\t\t\t\t\t<\/div>\n\t\t<\/div>\n\t\t\t\t\t<\/div>\n\t\t<\/section>\n\t\t\t\t<\/div>\n\t\t","protected":false},"excerpt":{"rendered":"<p>Gazoz \u00c7e\u015fitleri Efsane Uluda\u011f Gazozu 6 Adet Efsane Uluda\u011f Gazozu Ni\u011fde Gazoz 6&#215;250 Ml<\/p>\n","protected":false},"author":1,"featured_media":0,"parent":0,"menu_order":0,"comment_status":"closed","ping_status":"closed","template":"","meta":{"footnotes":""},"class_list":["post-951","page","type-page","status-publish","hentry"],"lang":"tr","translations":{"tr":951,"en":1544,"de":1551,"ar":1566},"pll_sync_post":[],"_links":{"self":[{"href":"https:\/\/minadrinks.com.tr\/index.php\/wp-json\/wp\/v2\/pages\/951","targetHints":{"allow":["GET"]}}],"collection":[{"href":"https:\/\/minadrinks.com.tr\/index.php\/wp-json\/wp\/v2\/pages"}],"about":[{"href":"https:\/\/minadrinks.com.tr\/index.php\/wp-json\/wp\/v2\/types\/page"}],"author":[{"embeddable":true,"href":"https:\/\/minadrinks.com.tr\/index.php\/wp-json\/wp\/v2\/users\/1"}],"replies":[{"embeddable":true,"href":"https:\/\/minadrinks.com.tr\/index.php\/wp-json\/wp\/v2\/comments?post=951"}],"version-history":[{"count":27,"href":"https:\/\/minadrinks.com.tr\/index.php\/wp-json\/wp\/v2\/pages\/951\/revisions"}],"predecessor-version":[{"id":1564,"href":"https:\/\/minadrinks.com.tr\/index.php\/wp-json\/wp\/v2\/pages\/951\/revisions\/1564"}],"wp:attachment":[{"href":"https:\/\/minadrinks.com.tr\/index.php\/wp-json\/wp\/v2\/media?parent=951"}],"curies":[{"name":"wp","href":"https:\/\/api.w.org\/{rel}","templated":true}]}}